{"id":997,"date":"2015-07-09T09:27:57","date_gmt":"2015-07-09T09:27:57","guid":{"rendered":"http:\/\/www.rmbs.es\/blog\/biblioteca-luis-cernuda\/?page_id=997"},"modified":"2023-01-23T19:04:06","modified_gmt":"2023-01-23T19:04:06","slug":"el-carne-y-el-prestamo","status":"publish","type":"page","link":"https:\/\/www.rmbs.es\/blog\/biblioteca-luis-cernuda\/?page_id=997","title":{"rendered":"J. El carn\u00e9 y el pr\u00e9stamo"},"content":{"rendered":"<p>Para sacarte el carn\u00e9 de la biblioteca s\u00f3lo necesitas rellenar un impreso que te facilitamos aqu\u00ed. El carn\u00e9 te permite sacar libros y audiovisuales en todas las bibliotecas p\u00fablicas de Andaluc\u00eda.\u00a0 Tambi\u00e9n se puede solicitar a trav\u00e9s de la p\u00e1gina web de la Red Municipal de Bibliotecas de Sevilla.\u00a0 En la Red se prestan hasta 10 libros y 6 audiovisuales a un tiempo. Los libros se prestan por un per\u00edodo de 25 d\u00edas. Se pueden renovar dos veces por otros 15 dias cada una de ellas, siempre que el libro no haya sido reservado por otro lector. Los audiovisuales se prestan durante 15 d\u00edas y se pueden renovar dos veces por 7 d\u00edas cada una.<\/p>\n<p>Las renovaciones se pueden hacer directamente en la biblioteca, por tel\u00e9fono (95472350)\u00a0 o a trav\u00e9s de la p\u00e1gina web de de la Red de Lectura P\u00fablica de Andaluc\u00eda. Para hacerlo a trav\u00e9s de la web se te solicitar\u00e1 el n\u00famero de lector -que es el que aparece por encima del c\u00f3digo de barras del carn\u00e9- y una contrase\u00f1a que, por defecto, est\u00e1 compuesta por 6 d\u00edgitos (dos del d\u00eda de nacimiento, dos del mes de nacimiento y otros dos correspondientes a los dos \u00faltimos n\u00fameros del carn\u00e9 de la biblioteca) que se pueden cambiar si se desea. En esta p\u00e1gina tambi\u00e9n podemos buscar t\u00edtulos en una biblioteca concreta\u00a0 y hacer reservas de libros. Esto \u00faltimo (reservar) tambi\u00e9n se puede hacer en la biblioteca o por tel\u00e9fono.<\/p>\n\n\n<p><\/p>\n","protected":false},"excerpt":{"rendered":"<p>Para sacarte el carn\u00e9 de la biblioteca s\u00f3lo necesitas rellenar un impreso que te facilitamos aqu\u00ed. El carn\u00e9 te permite sacar libros y audiovisuales en todas las bibliotecas p\u00fablicas de Andaluc\u00eda.\u00a0 Tambi\u00e9n se puede solicitar a trav\u00e9s de la p\u00e1gina web de la Red Municipal de Bibliotecas de Sevilla.\u00a0 En la Red se prestan hasta&#8230;<\/p>\n","protected":false},"author":1,"featured_media":0,"parent":0,"menu_order":0,"comment_status":"open","ping_status":"open","template":"","meta":{"footnotes":""},"class_list":["post-997","page","type-page","status-publish","hentry"],"_links":{"self":[{"href":"https:\/\/www.rmbs.es\/blog\/biblioteca-luis-cernuda\/index.php?rest_route=\/wp\/v2\/pages\/997","targetHints":{"allow":["GET"]}}],"collection":[{"href":"https:\/\/www.rmbs.es\/blog\/biblioteca-luis-cernuda\/index.php?rest_route=\/wp\/v2\/pages"}],"about":[{"href":"https:\/\/www.rmbs.es\/blog\/biblioteca-luis-cernuda\/index.php?rest_route=\/wp\/v2\/types\/page"}],"author":[{"embeddable":true,"href":"https:\/\/www.rmbs.es\/blog\/biblioteca-luis-cernuda\/index.php?rest_route=\/wp\/v2\/users\/1"}],"replies":[{"embeddable":true,"href":"https:\/\/www.rmbs.es\/blog\/biblioteca-luis-cernuda\/index.php?rest_route=%2Fwp%2Fv2%2Fcomments&post=997"}],"version-history":[{"count":8,"href":"https:\/\/www.rmbs.es\/blog\/biblioteca-luis-cernuda\/index.php?rest_route=\/wp\/v2\/pages\/997\/revisions"}],"predecessor-version":[{"id":4136,"href":"https:\/\/www.rmbs.es\/blog\/biblioteca-luis-cernuda\/index.php?rest_route=\/wp\/v2\/pages\/997\/revisions\/4136"}],"wp:attachment":[{"href":"https:\/\/www.rmbs.es\/blog\/biblioteca-luis-cernuda\/index.php?rest_route=%2Fwp%2Fv2%2Fmedia&parent=997"}],"curies":[{"name":"wp","href":"https:\/\/api.w.org\/{rel}","templated":true}]}}