{"id":940,"date":"2015-07-07T11:06:19","date_gmt":"2015-07-07T11:06:19","guid":{"rendered":"http:\/\/www.rmbs.es\/blog\/biblioteca-luis-cernuda\/?page_id=940"},"modified":"2015-07-14T08:00:45","modified_gmt":"2015-07-14T08:00:45","slug":"nuestra-mision","status":"publish","type":"page","link":"https:\/\/www.rmbs.es\/blog\/biblioteca-luis-cernuda\/?page_id=940","title":{"rendered":"A. NUESTRA  MISION"},"content":{"rendered":"<p>Muy probablemente la biblioteca p\u00fablica sea una de las instituciones m\u00e1s volcadas y abiertas al ciudadano que existen en la actualidad dentro de las administraciones p\u00fablicas, porque en ellas podemos entrar y salir a nuestro antojo y disfrutar de sus servicios de la manera m\u00e1s libre. Pero \u00bfqu\u00e9 es lo que ofrece la biblioteca p\u00fablica a la sociedad?, o dicho de otro modo, \u00bfpara qu\u00e9 existen las bibliotecas como servicio p\u00fablico gratuito?, \u00bfqu\u00e9 es lo que hace que los poderes p\u00fablicos consideren que sea imprescindible la existencia de estas instituciones? Pues bien, la biblioteca p\u00fablica viene a satisfacer una serie de necesidades ineludibles que tiene la sociedad actual\u00a0para su propia supervivencia y bienestar,\u00a0como son la necesidad de <u>informaci\u00f3n<\/u>, la de <u>formaci\u00f3n<\/u>, y la <u>necesidad de llenar su tiempo de ocio<\/u>.\u00a0 Se trata, en definitiva, de <strong>asegurar a todo el mundo el acceso a la informaci\u00f3n y la cultura de nuestro tiempo(derechos recogidos en nuestra Constituci\u00f3n, art. 44.), y poner a disposici\u00f3n de los ciudadanos los instrumentos necesarios para su formaci\u00f3n como personas y como individuos activos dentro de la sociedad en la que viven<\/strong>. Con la biblioteca p\u00fablica se democratiza el acceso a la cultura y la informaci\u00f3n, y por ello podemos decir que la biblioteca se convierte en un agente democratizador e igualitario de la sociedad.\u00a0Las bibliotecas son, por tanto, y a un mismo\u00a0tiempo, instituciones destinadas a<strong> divertir, informar y formar \u00a0al ciudadano<\/strong>. Y en esta \u00faltima faceta, la de la formaci\u00f3n, la biblioteca act\u00faa como base para la formaci\u00f3n no reglada, o sea la formaci\u00f3n autodidacta, ya que de la formaci\u00f3n reglada ya se encargan las instituciones educativas (colegios, institutos y universidades), aun cuando la biblioteca p\u00fablica tambi\u00e9n pueda servir de apoyo a la misma.<\/p>\n","protected":false},"excerpt":{"rendered":"<p>Muy probablemente la biblioteca p\u00fablica sea una de las instituciones m\u00e1s volcadas y abiertas al ciudadano que existen en la actualidad dentro de las administraciones p\u00fablicas, porque en ellas podemos entrar y salir a nuestro antojo y disfrutar de sus servicios de la manera m\u00e1s libre. Pero \u00bfqu\u00e9 es lo que ofrece la biblioteca p\u00fablica&#8230;<\/p>\n","protected":false},"author":1,"featured_media":0,"parent":0,"menu_order":0,"comment_status":"open","ping_status":"open","template":"","meta":{"footnotes":""},"class_list":["post-940","page","type-page","status-publish","hentry"],"_links":{"self":[{"href":"https:\/\/www.rmbs.es\/blog\/biblioteca-luis-cernuda\/index.php?rest_route=\/wp\/v2\/pages\/940","targetHints":{"allow":["GET"]}}],"collection":[{"href":"https:\/\/www.rmbs.es\/blog\/biblioteca-luis-cernuda\/index.php?rest_route=\/wp\/v2\/pages"}],"about":[{"href":"https:\/\/www.rmbs.es\/blog\/biblioteca-luis-cernuda\/index.php?rest_route=\/wp\/v2\/types\/page"}],"author":[{"embeddable":true,"href":"https:\/\/www.rmbs.es\/blog\/biblioteca-luis-cernuda\/index.php?rest_route=\/wp\/v2\/users\/1"}],"replies":[{"embeddable":true,"href":"https:\/\/www.rmbs.es\/blog\/biblioteca-luis-cernuda\/index.php?rest_route=%2Fwp%2Fv2%2Fcomments&post=940"}],"version-history":[{"count":7,"href":"https:\/\/www.rmbs.es\/blog\/biblioteca-luis-cernuda\/index.php?rest_route=\/wp\/v2\/pages\/940\/revisions"}],"predecessor-version":[{"id":1020,"href":"https:\/\/www.rmbs.es\/blog\/biblioteca-luis-cernuda\/index.php?rest_route=\/wp\/v2\/pages\/940\/revisions\/1020"}],"wp:attachment":[{"href":"https:\/\/www.rmbs.es\/blog\/biblioteca-luis-cernuda\/index.php?rest_route=%2Fwp%2Fv2%2Fmedia&parent=940"}],"curies":[{"name":"wp","href":"https:\/\/api.w.org\/{rel}","templated":true}]}}