{"id":921,"date":"2015-07-06T12:03:14","date_gmt":"2015-07-06T12:03:14","guid":{"rendered":"http:\/\/www.rmbs.es\/blog\/biblioteca-luis-cernuda\/?page_id=921"},"modified":"2020-01-13T11:26:28","modified_gmt":"2020-01-13T11:26:28","slug":"que-podemos-hacer-en-la-biblioteca","status":"publish","type":"page","link":"https:\/\/www.rmbs.es\/blog\/biblioteca-luis-cernuda\/?page_id=921","title":{"rendered":"C. Qu\u00e9 podemos hacer en la biblioteca"},"content":{"rendered":"<p>La biblioteca acoge con los brazos abiertos a toda aquella persona que desee cruzar sus puertas. Aqu\u00ed habita la cultura del presente y del pasado, la informaci\u00f3n m\u00e1s variada, el entretenimiento cultural para chicos y mayores. Todo aquel que busque ampliar su horizonte de conocimientos, todo el que desee viajar a otros mundos, a otras vidas o a otros tiempos, todo el que quiera salir de la rutina cotidiana sin perder el contacto con la realidad, tiene en la biblioteca su estaci\u00f3n de partida.<\/p>\n<p><a href=\"http:\/\/www.rmbs.es\/blog\/biblioteca-luis-cernuda\/wp-content\/uploads\/2015\/07\/Mil-vidas.jpg\"><img loading=\"lazy\" decoding=\"async\" class=\"aligncenter size-full wp-image-1507\" src=\"http:\/\/www.rmbs.es\/blog\/biblioteca-luis-cernuda\/wp-content\/uploads\/2015\/07\/Mil-vidas.jpg\" alt=\"mil-vidas\" width=\"260\" height=\"194\" \/><\/a><\/p>\n<p>Aqu\u00ed os enumeramos algunas de las cosas que podemos hacer en la biblioteca :<\/p>\n<p><span style=\"color: #0000ff;\">Lectura en sala<\/span><\/p>\n<p><span style=\"color: #000000;\">Cualquier persona puede leer los libros de la biblioteca dentro de nuestras instalaciones. S\u00f3lo tiene que cogerlos de las estanter\u00edas y sentarse c\u00f3modamente para disfrutar de la lectura.<\/span><\/p>\n<p><span style=\"color: #3366ff;\">Pr\u00e9stamo a domicilio<span style=\"color: #3366ff;\"> de libros y audiovisuales<\/span><\/span><\/p>\n<p><span style=\"color: #000000;\">Si lo que queremos es sacar alg\u00fan libro o audiovisual en pr\u00e9stamo, tenemos que solicitar el carn\u00e9 de usuario, si a\u00fan no lo tenemos. Para ello s\u00f3lo hay que rellenar un impreso que se facilita en el mostrador. El carn\u00e9 de usuario permite sacar libros y audiovisuales en todas las bibliotecas p\u00fablicas de Andaluc\u00eda. En esta biblioteca se prestan hasta cuatro libros y tres audiovisuales. Los libros por 15 d\u00edas con posibilidad de renovarlos dos veces por 15 d\u00edas m\u00e1s cada una de las renovaciones. Los audiovisuales por una semana, sin posibilidad de renovaci\u00f3n.<\/span><\/p>\n<p><span style=\"color: #3366ff;\">Lectura de prensa y revistas<\/span><\/p>\n<p><span style=\"color: #000000;\">Disponemos de prensa diaria de tirada nacional, regional y local, y\u00a0\u00a0un buen n\u00famero de\u00a0revistas de diversa tem\u00e1tica para informaci\u00f3n y entretenimiento de nuestros usuarios, con una zona especial para\u00a0su c\u00f3moda lectura.<\/span><\/p>\n<p><span style=\"color: #3366ff;\">Zona de ordenadores<\/span><\/p>\n<p><span style=\"color: #000000;\">Cualquier usuario que desee conectarse a internet o hacer alg\u00fan trabajo por ordenador tiene a su disposici\u00f3n cinco ordenadores de uso p\u00fablico. S\u00f3lo tiene que pedir turno en el mostrador.<\/span><\/p>\n<p><span style=\"color: #3366ff;\">Zona wifi<\/span><\/p>\n<p><span style=\"color: #000000;\">La biblioteca dispone de un router inal\u00e1mbrico de uso p\u00fablico\u00a0para que toda persona que lo desee pueda conectarse a internet desde un port\u00e1til, t\u00e1blet o m\u00f3vil dentro de sus instalaciones. La clave wep est\u00e1 expuesta en lugares visibles.<\/span><\/p>\n<p><span style=\"color: #3366ff;\">Informaci\u00f3n bibliogr\u00e1fica<\/span><\/p>\n<p><span style=\"color: #000000;\">Los bibliotecarios facilitamos informaci\u00f3n\u00a0de libros sobre un tema o autor concreto que nos sea solicitado por los usuarios. Para ello utilizamos tanto nuestro cat\u00e1logo como\u00a0los cat\u00e1logos de otras bibliotecas de la Red Municipal de Bibliotecas\u00a0Sevilla, de la Red de Bibliotecas P\u00fablicas de Andaluc\u00eda o el del resto de Espa\u00f1a.<\/span><\/p>\n<p><span style=\"color: #3366ff;\">Informaci\u00f3n de Referencia<\/span><\/p>\n<p><span style=\"color: #000000;\">La biblioteca ayuda a los usuarios a\u00a0encontrar informaci\u00f3n exhaustiva y\u00a0concreta sobre un determinado tema que se le solicite.<\/span><\/p>\n<p><span style=\"color: #3366ff;\">Tabl\u00f3n de anuncios<\/span><\/p>\n<p><span style=\"color: #000000;\">Disponemos de un tabl\u00f3n de anuncios a la entrada de la biblioteca, donde se cuelga informaci\u00f3n de lo m\u00e1s variada, desde convocatorias de concursos, becas y cursos, hasta ofertas y\u00a0solicitudes\u00a0de empleo, ventas y alquileres, clases particulares y toda clase de servicios. Todo muy \u00fatil para las personas del barrio y de fuera de \u00e9l.<\/span><\/p>\n<p><span style=\"color: #3366ff;\">Actividades culturales y de animaci\u00f3n a la lectura<\/span><\/p>\n<p>La biblioteca\u00a0confecciona y lleva a cabo un amplio\u00a0programa de actividades culturales y de animaci\u00f3n\u00a0a la lectura destinado tanto a p\u00fablico infantil como a p\u00fablico adulto. Para el p\u00fablico infantil tenemos el\u00a0cuentacuentos de los viernes. Para el p\u00fablico adulto\u00a0hay actuaciones de teatro, cuentacuentos para adultos, conciertos de m\u00fasica, charlas y conferencias, la tertulia literaria, etc,. Este programa de actividades se desarrolla anualmente en dos per\u00edodos: uno en primavera (de marzo a mayo) y otro en oto\u00f1o (de octubre a noviembre). Para una informaci\u00f3n concreta de la programaci\u00f3n en curso y las pr\u00f3ximas actividades que se realizar\u00e1n en la biblioteca, puedes entrar en la secci\u00f3n \u00abProgramaci\u00f3n de actividades\u00bb de este blog.<\/p>\n","protected":false},"excerpt":{"rendered":"<p>La biblioteca acoge con los brazos abiertos a toda aquella persona que desee cruzar sus puertas. Aqu\u00ed habita la cultura del presente y del pasado, la informaci\u00f3n m\u00e1s variada, el entretenimiento cultural para chicos y mayores. Todo aquel que busque ampliar su horizonte de conocimientos, todo el que desee viajar a otros mundos, a otras&#8230;<\/p>\n","protected":false},"author":1,"featured_media":0,"parent":0,"menu_order":0,"comment_status":"open","ping_status":"open","template":"","meta":{"footnotes":""},"class_list":["post-921","page","type-page","status-publish","hentry"],"_links":{"self":[{"href":"https:\/\/www.rmbs.es\/blog\/biblioteca-luis-cernuda\/index.php?rest_route=\/wp\/v2\/pages\/921","targetHints":{"allow":["GET"]}}],"collection":[{"href":"https:\/\/www.rmbs.es\/blog\/biblioteca-luis-cernuda\/index.php?rest_route=\/wp\/v2\/pages"}],"about":[{"href":"https:\/\/www.rmbs.es\/blog\/biblioteca-luis-cernuda\/index.php?rest_route=\/wp\/v2\/types\/page"}],"author":[{"embeddable":true,"href":"https:\/\/www.rmbs.es\/blog\/biblioteca-luis-cernuda\/index.php?rest_route=\/wp\/v2\/users\/1"}],"replies":[{"embeddable":true,"href":"https:\/\/www.rmbs.es\/blog\/biblioteca-luis-cernuda\/index.php?rest_route=%2Fwp%2Fv2%2Fcomments&post=921"}],"version-history":[{"count":18,"href":"https:\/\/www.rmbs.es\/blog\/biblioteca-luis-cernuda\/index.php?rest_route=\/wp\/v2\/pages\/921\/revisions"}],"predecessor-version":[{"id":3083,"href":"https:\/\/www.rmbs.es\/blog\/biblioteca-luis-cernuda\/index.php?rest_route=\/wp\/v2\/pages\/921\/revisions\/3083"}],"wp:attachment":[{"href":"https:\/\/www.rmbs.es\/blog\/biblioteca-luis-cernuda\/index.php?rest_route=%2Fwp%2Fv2%2Fmedia&parent=921"}],"curies":[{"name":"wp","href":"https:\/\/api.w.org\/{rel}","templated":true}]}}