{"id":3714,"date":"2021-09-16T18:45:14","date_gmt":"2021-09-16T18:45:14","guid":{"rendered":"http:\/\/www.rmbs.es\/blog\/biblioteca-luis-cernuda\/?page_id=3714"},"modified":"2022-06-28T10:41:18","modified_gmt":"2022-06-28T10:41:18","slug":"novedades-2021-infantil","status":"publish","type":"page","link":"https:\/\/www.rmbs.es\/blog\/biblioteca-luis-cernuda\/?page_id=3714","title":{"rendered":"Novedades 2022. Infantil"},"content":{"rendered":"\n<figure class=\"wp-block-table\"><table><tbody><tr><td>28\/06\/2022<\/td><\/tr><tr><td>LISTADO TOPOGR\u00c1FICO DE EJEMPLARES<\/td><\/tr><tr><td><\/td><td><\/td><\/tr><tr><td><strong>Signatura<\/strong><\/td><td><strong>Sig. supl.<\/strong><\/td><td><strong>T\u00edtulo<\/strong><\/td><td><strong>Autor<\/strong><\/td><td><\/td><td><\/td><td><\/td><\/tr><tr><td>I AAK lil<\/td><td>0-3<\/td><td>Lili monta una fiesta \/<\/td><td>Aakeson, Kim Fupz.<\/td><td><\/td><td><\/td><td><\/td><\/tr><tr><td>I AAK lil<\/td><td>0-3<\/td><td>Lili aprende los colores \/<\/td><td>Aakeson, Kim Fupz.<\/td><td><\/td><td><\/td><td><\/td><\/tr><tr><td>I AAK lil<\/td><td>0-3<\/td><td>Lili se lava los dientes \/<\/td><td>Aakeson, Kim Fupz.<\/td><td><\/td><td><\/td><td><\/td><\/tr><tr><td>I AAK lil<\/td><td>0-3<\/td><td>Lili quiere ser mayor \/<\/td><td>Aakeson, Kim Fupz.<\/td><td><\/td><td><\/td><td><\/td><\/tr><tr><td>I AAK lil<\/td><td>0-3<\/td><td>Lili va al zoo \/<\/td><td>Aakeson, Kim Fupz .<\/td><td><\/td><td><\/td><td><\/td><\/tr><tr><td>I AAK lil<\/td><td>0-3 L\/F<\/td><td>Lili cuenta hasta 10 \/<\/td><td>Aakeson, Kim Fupz.<\/td><td><\/td><td><\/td><td><\/td><\/tr><tr><td>I BAG tra<\/td><td>0-3<\/td><td>EN EL ZOO<\/td><td>Baggott, Stella.<\/td><td><\/td><td><\/td><td><\/td><\/tr><tr><td>I bue<\/td><td>0-3<\/td><td>Buenas noches, ratoncito \/<\/td><td><\/td><td><\/td><td><\/td><td><\/td><\/tr><tr><td>I bue<\/td><td>0-3<\/td><td>\u00a1Buenas noches!.<\/td><td><\/td><td><\/td><td><\/td><td><\/td><\/tr><tr><td>I CAR peq<\/td><td>0-3<\/td><td>La peque\u00f1a oruga glotona<\/td><td>Carle, Eric.<\/td><td><\/td><td><\/td><td><\/td><\/tr><tr><td>I CHO peq<\/td><td>0-3<\/td><td>El peque\u00f1o libro de los veh\u00edculos \/<\/td><td>Choux, Nathalie.<\/td><td><\/td><td><\/td><td><\/td><\/tr><tr><td>I CHO peq<\/td><td>0-3<\/td><td>El peque\u00f1o libro de las estaciones \/<\/td><td>Choux, Nathalie.<\/td><td><\/td><td><\/td><td><\/td><\/tr><tr><td>I CHO peq<\/td><td>0-3<\/td><td>El peque\u00f1o libro de la casa \/<\/td><td>Choux, Nathalie.<\/td><td><\/td><td><\/td><td><\/td><\/tr><tr><td>I CHO peq<\/td><td>0-3<\/td><td>El peque\u00f1o libro de las formas \/<\/td><td>Choux, Nathalie.<\/td><td><\/td><td><\/td><td><\/td><\/tr><tr><td>I CHO peq<\/td><td>0-3<\/td><td>El peque\u00f1o libro de los contrarios \/<\/td><td>Choux, Nathalie.<\/td><td><\/td><td><\/td><td><\/td><\/tr><tr><td>I CHO peq<\/td><td>0-3<\/td><td>El peque\u00f1o libro de los sentidos \/<\/td><td>Choux, Nathalie.<\/td><td><\/td><td><\/td><td><\/td><\/tr><tr><td>I CHO peq<\/td><td>0-3<\/td><td>El peque\u00f1o libro de las frutas \/<\/td><td>Choux, Nathalie.<\/td><td><\/td><td><\/td><td><\/td><\/tr><tr><td>I CHO peq<\/td><td>0-3<\/td><td>El peque\u00f1o libro de la ropa \/<\/td><td>Choux, Nathalie.<\/td><td><\/td><td><\/td><td><\/td><\/tr><tr><td>I CHO peq<\/td><td>0-3<\/td><td>El peque\u00f1o libro de la granja.<\/td><td><\/td><td><\/td><td><\/td><td><\/td><\/tr><tr><td>I cuc<\/td><td>0-3<\/td><td>\u00a1Cuc\u00fa! \/<\/td><td><\/td><td><\/td><td><\/td><td><\/td><\/tr><tr><td>I DUN cos<\/td><td>0-3<\/td><td>Cosas de casa \/<\/td><td>Dungworth, Richard.<\/td><td><\/td><td><\/td><td><\/td><\/tr><tr><td>I DUN hoy<\/td><td>0-3<\/td><td>Hoy salimos \/<\/td><td>Dungworth, Richard.<\/td><td><\/td><td><\/td><td><\/td><\/tr><tr><td>I est<\/td><td>0-3<\/td><td>Las estaciones \/<\/td><td><\/td><td><\/td><td><\/td><td><\/td><\/tr><tr><td>I FER ami<\/td><td>0-3<\/td><td>Los amigos del le\u00f3n \/<\/td><td>Ferri, Francesca.<\/td><td><\/td><td><\/td><td><\/td><\/tr><tr><td>I GEN dif<\/td><td>0-3 L\/F<\/td><td>Diferentes pero iguales \/<\/td><td>Genechten, Guido van.<\/td><td><\/td><td><\/td><td><\/td><\/tr><tr><td>I GEN som<\/td><td>0-3 L\/F<\/td><td>Somos parecidos \/<\/td><td>Genechten, Guido van.<\/td><td><\/td><td><\/td><td><\/td><\/tr><tr><td>I MOR bra<\/td><td>0-3<\/td><td>Bravo {mis deditos! \/<\/td><td>Mory, Tristan.<\/td><td><\/td><td><\/td><td><\/td><\/tr><tr><td>I ore<\/td><td>0-3<\/td><td>Orejas \/<\/td><td><\/td><td><\/td><td><\/td><td><\/td><\/tr><tr><td>I PAB bes<\/td><td>0-3<\/td><td>Un beso antes de dormir \/<\/td><td>Padr\u00f3n, Alicia.<\/td><td><\/td><td><\/td><td><\/td><\/tr><tr><td>I RUB arb<\/td><td>0-3<\/td><td>\u00c1rbol \/<\/td><td>Rubio, Antonio.<\/td><td><\/td><td><\/td><td><\/td><\/tr><tr><td>I RUB cin<\/td><td>0-3<\/td><td>Cinco \/<\/td><td>Rubio, Antonio.<\/td><td><\/td><td><\/td><td><\/td><\/tr><tr><td>I RUB coc<\/td><td>0-3 L\/F<\/td><td>Cocodrilo \/<\/td><td>Rubio, Antonio.<\/td><td><\/td><td><\/td><td><\/td><\/tr><tr><td>I RUB fru<\/td><td>0-3<\/td><td>Frutas \/<\/td><td>Rubio, Antonio.<\/td><td><\/td><td><\/td><td><\/td><\/tr><tr><td>I RUB lim<\/td><td>0-3 L\/F<\/td><td>Lim\u00f3n \/<\/td><td>Rubio, Antonio.<\/td><td><\/td><td><\/td><td><\/td><\/tr><tr><td>I RUB mia<\/td><td>0-3 L\/F<\/td><td>Miau \/<\/td><td>Rubio, Antonio.<\/td><td><\/td><td><\/td><td><\/td><\/tr><tr><td>I RUB paj<\/td><td>0-3 L\/F<\/td><td>Pajarita de papel \/<\/td><td>Rubio, Antonio.<\/td><td><\/td><td><\/td><td><\/td><\/tr><tr><td>I RUB vio<\/td><td>0-3 L\/F<\/td><td>Viol\u00edn \/<\/td><td>Rubio, Antonio.<\/td><td><\/td><td><\/td><td><\/td><\/tr><tr><td>I RUB zap<\/td><td>0-3<\/td><td>Zapato \/<\/td><td>Rubio, Antonio.<\/td><td><\/td><td><\/td><td><\/td><\/tr><tr><td>I SLE est<\/td><td>0-3<\/td><td>Este soy yo \/<\/td><td>Slegers, Liesbet.<\/td><td><\/td><td><\/td><td><\/td><\/tr><tr><td>I SLE mid<\/td><td>0-3 L\/F<\/td><td>Mi dia \/<\/td><td>Slegers, Liesbet.<\/td><td><\/td><td><\/td><td><\/td><\/tr><tr><td><\/td><td><\/td><\/tr><tr><td><\/td><td><\/td><\/tr><\/tbody><\/table><\/figure>\n\n\n\n<figure class=\"wp-block-table\"><table><tbody><tr><td>28\/06\/2022<\/td><\/tr><tr><td>LISTADO TOPOGR\u00c1FICO DE EJEMPLARES<\/td><\/tr><tr><td><\/td><td><\/td><\/tr><tr><td><strong>Signatura<\/strong><\/td><td><strong>Sig. supl.<\/strong><\/td><td><strong>Suc<\/strong><\/td><td><strong>Loc<\/strong><\/td><td><strong>C\u00f3d. Bar.<\/strong><\/td><td><strong>N\u00ba Reg<\/strong><\/td><td><strong>T\u00edtulo<\/strong><\/td><\/tr><tr><td>I ALT nue<\/td><td>3-6 G<\/td><td>819<\/td><td>IAZ<\/td><td>1009285003<\/td><td>19397<\/td><td>Nuevo en la ciudad \/<\/td><\/tr><tr><td>I AMA ele<\/td><td>3-6 S\/E<\/td><td>819<\/td><td>IAZ<\/td><td>1009275609<\/td><td>19357<\/td><td>Eleneja \/<\/td><\/tr><tr><td>I AND car<\/td><td>3-6 S\/E<\/td><td>819<\/td><td>IAZ<\/td><td>1009329557<\/td><td>19531<\/td><td>Carlota no dice ni p\u00edo \/<\/td><\/tr><tr><td>I BIZ bue<\/td><td>3-6 M<\/td><td>819<\/td><td>IAZ<\/td><td>1009287918<\/td><td>19405<\/td><td>El buen humor del lobo gris \/<\/td><\/tr><tr><td>I BIZ lob<\/td><td>3-6 M<\/td><td>819<\/td><td>IAZ<\/td><td>1009287947<\/td><td>19406<\/td><td>El lobo gris y la mosca \/<\/td><\/tr><tr><td>I BON max<\/td><td>3-6 G<\/td><td>819<\/td><td>IAZ<\/td><td>1009417191<\/td><td>19643<\/td><td>Max y los superh\u00e9roes \/<\/td><\/tr><tr><td>I BON mon<\/td><td>3-6 G<\/td><td>819<\/td><td>IAZ<\/td><td>1009288271<\/td><td>19412<\/td><td>La monta\u00f1a de libros m\u00e1s alta del mundo \/<\/td><\/tr><tr><td>I BRO ern<\/td><td>3-6<\/td><td>819<\/td><td>IAZ<\/td><td>1009275611<\/td><td>19358<\/td><td>Ernesto el elefante \/<\/td><\/tr><tr><td>I CLA rot<\/td><td>3-6 S\/E<\/td><td>819<\/td><td>IAZ<\/td><td>1009309771<\/td><td>19477<\/td><td>Rot : \u00a1el m\u00e1s guapo del mundo! \/<\/td><\/tr><tr><td>I COL rat<\/td><td>3-6<\/td><td>819<\/td><td>IAZ<\/td><td>1009324057<\/td><td>19522<\/td><td>Ratones en la escuela \/<\/td><\/tr><tr><td>I DON mio<\/td><td>3-6 G<\/td><td>819<\/td><td>IAZ<\/td><td>1009275612<\/td><td>19359<\/td><td>\u00a1M\u00edo! \/<\/td><\/tr><tr><td>I GRA tri<\/td><td>3-6 G<\/td><td>819<\/td><td>IAZ<\/td><td>1009288258<\/td><td>19411<\/td><td>La tribu que apesta \/<\/td><\/tr><tr><td>I HER reg<\/td><td>3-6 M<\/td><td>819<\/td><td>IAZ<\/td><td>1009324104<\/td><td>19524<\/td><td>Un regalo equivocado \/<\/td><\/tr><tr><td>I JAN dia<\/td><td>3-6<\/td><td>819<\/td><td>IAZ<\/td><td>1009309833<\/td><td>19481<\/td><td>Un d\u00eda muy normal \/<\/td><\/tr><tr><td>I KOZ pab<\/td><td>3-6 S\/E<\/td><td>819<\/td><td>IAZ<\/td><td>1009288065<\/td><td>19409<\/td><td>Pablo, el pez perezoso \/<\/td><\/tr><tr><td>I KOZ pau<\/td><td>3-6 S\/E<\/td><td>819<\/td><td>IAZ<\/td><td>1009287999<\/td><td>19407<\/td><td>Paula, la eriza testaruda \/<\/td><\/tr><tr><td>I KOZ pet<\/td><td>3-6 S\/E<\/td><td>819<\/td><td>IAZ<\/td><td>1009288049<\/td><td>19408<\/td><td>Petra, la ara\u00f1a furiosa \/<\/td><\/tr><tr><td>I LIO sue<\/td><td>3-6<\/td><td>819<\/td><td>IAZ<\/td><td>1009299158<\/td><td>19431<\/td><td>El sue\u00f1o de Mat\u00edas \/<\/td><\/tr><tr><td>I LOB his<\/td><td>3-6<\/td><td>819<\/td><td>IAZ<\/td><td>1009161236<\/td><td>19133<\/td><td>Historias de ratones \/<\/td><\/tr><tr><td>I LOP div<\/td><td>3-6 L\/F<\/td><td>819<\/td><td>IAZ<\/td><td>1009214529<\/td><td>19145<\/td><td>Las divertidas vacaciones de las letras : cuentos de la A a<\/td><\/tr><tr><td>I LOP div<\/td><td>3-6 M<\/td><td>819<\/td><td>IAZ<\/td><td>1009214594<\/td><td>19147<\/td><td>M\u00e1s divertidas aventuras de las letras : cuentos de la A a l<\/td><\/tr><tr><td>I MAR cen<\/td><td>3-6 G<\/td><td>819<\/td><td>IAZ<\/td><td>1009329502<\/td><td>19530<\/td><td>Una cena monstruosa \/<\/td><\/tr><tr><td>I MAZ mio<\/td><td>3-6 G<\/td><td>819<\/td><td>IAZ<\/td><td>1009288229<\/td><td>19410<\/td><td>Mi oso grande, mi oso peque\u00f1o y yo \/<\/td><\/tr><tr><td>I MEN pup<\/td><td>3-6<\/td><td>819<\/td><td>IAZ<\/td><td>1009214615<\/td><td>19149<\/td><td>Pupi y los fantasmas \/<\/td><\/tr><tr><td>I MEN pup<\/td><td>3-6<\/td><td>819<\/td><td>IAZ<\/td><td>1009214684<\/td><td>19151<\/td><td>Pupi y los piratas \/<\/td><\/tr><tr><td>I MEN pup<\/td><td>3-6<\/td><td>819<\/td><td>IAZ<\/td><td>1009214790<\/td><td>19154<\/td><td>Pupi y el secreto del drag\u00f3n esmeralda \/<\/td><\/tr><tr><td>I MEN pup<\/td><td>3-6<\/td><td>819<\/td><td>IAZ<\/td><td>1009214598<\/td><td>19148<\/td><td>Pupi llega a la Tierra \/<\/td><\/tr><tr><td>I MOL cue<\/td><td>3-6 M<\/td><td>819<\/td><td>IAZ<\/td><td>1009397381<\/td><td>19622<\/td><td>El cuento de los ni\u00f1os grises \/<\/td><\/tr><tr><td>I PIN con<\/td><td>3-6 S\/E<\/td><td>819<\/td><td>IAZ<\/td><td>1009284851<\/td><td>19396<\/td><td>\u00a1Conociendo mis emociones! \/<\/td><\/tr><tr><td>I PUN atr<\/td><td>3-6 S\/E<\/td><td>819<\/td><td>IAZ<\/td><td>1009310153<\/td><td>19488<\/td><td>Los atrevidos dan el gran salto \/<\/td><\/tr><tr><td>I PUN atr<\/td><td>3-6 S\/E<\/td><td>819<\/td><td>IAZ<\/td><td>1009312351<\/td><td>19495<\/td><td>Los atrevidos y la aventura en el faro \/<\/td><\/tr><tr><td>I PUN atr<\/td><td>3-6 S\/E<\/td><td>819<\/td><td>IAZ<\/td><td>1009312474<\/td><td>19496<\/td><td>Los atrevidos en el pa\u00eds de los unicornios \/<\/td><\/tr><tr><td>I PUN atr<\/td><td>3-6 S\/E<\/td><td>819<\/td><td>IAZ<\/td><td>1009312526<\/td><td>19497<\/td><td>Los atrevidos : \u00a1Fiesta en el mercado! \/<\/td><\/tr><tr><td>I PUN atr<\/td><td>3-6 S\/E<\/td><td>819<\/td><td>IAZ<\/td><td>1009310093<\/td><td>19487<\/td><td>Los atrevidos en busca del tesoro \/<\/td><\/tr><tr><td>I PUN atr<\/td><td>3-6 S\/E<\/td><td>819<\/td><td>IAZ<\/td><td>1009310074<\/td><td>19486<\/td><td>Los atrevidos y el misterio del dinosaurio \/<\/td><\/tr><tr><td>I REB cue<\/td><td>3-6 M<\/td><td>819<\/td><td>IAZ<\/td><td>1009394129<\/td><td>19616<\/td><td>Un cuento de los malos de los cuentos \/<\/td><\/tr><tr><td>I ROS din<\/td><td>3-6 M<\/td><td>819<\/td><td>IAZ<\/td><td>1009287861<\/td><td>19404<\/td><td>Dinosaurios enamorados \/<\/td><\/tr><tr><td>I SLE lau<\/td><td>3-6<\/td><td>819<\/td><td>IAZ<\/td><td>1009264257<\/td><td>19317<\/td><td>Laura va al m\u00e9dico \/<\/td><\/tr><tr><td>I SLE lau<\/td><td>3-6<\/td><td>819<\/td><td>IAZ<\/td><td>1009263031<\/td><td>19312<\/td><td>Laura monta en bicicleta \/<\/td><\/tr><tr><td>I SLE nac<\/td><td>3-6<\/td><td>819<\/td><td>IAZ<\/td><td>1009264245<\/td><td>19316<\/td><td>Nacho va a la biblioteca \/<\/td><\/tr><tr><td>I SLE nac<\/td><td>3-6<\/td><td>819<\/td><td>IAZ<\/td><td>1009264239<\/td><td>19315<\/td><td>Nacho tiene un perrito \/<\/td><\/tr><tr><td>I TEL mam<\/td><td>3-6<\/td><td>819<\/td><td>IAZ<\/td><td>1009299094<\/td><td>19430<\/td><td>Mam\u00e1 al galope \/<\/td><\/tr><tr><td>I VIC mag<\/td><td>3-6 M<\/td><td>819<\/td><td>IAZ<\/td><td>1009324125<\/td><td>19525<\/td><td>Magdalena en las nubes \/<\/td><\/tr><tr><td>I ZOL dem<\/td><td>3-6 S\/E<\/td><td>819<\/td><td>IAZ<\/td><td>1009316600<\/td><td>19515<\/td><td>De mal humor \/<\/td><\/tr><tr><td>I-331 SLE arq<\/td><td>3-6<\/td><td>819<\/td><td>IAZ<\/td><td>1009264505<\/td><td>19320<\/td><td>Arque\u00f3loga \/<\/td><\/tr><tr><td>I-331 SLE ast<\/td><td>3-6<\/td><td>819<\/td><td>IAZ<\/td><td>1009264607<\/td><td>19323<\/td><td>Astronauta \/<\/td><\/tr><tr><td>I-331 SLE bai<\/td><td>3-6<\/td><td>819<\/td><td>IAZ<\/td><td>1009264668<\/td><td>19326<\/td><td>Bailarina \/<\/td><\/tr><tr><td>I-331 SLE coc<\/td><td>3-6<\/td><td>819<\/td><td>IAZ<\/td><td>1009264466<\/td><td>19319<\/td><td>Cocinero \/<\/td><\/tr><tr><td>I-331 SLE med<\/td><td>3-6<\/td><td>819<\/td><td>IAZ<\/td><td>1009264679<\/td><td>19327<\/td><td>M\u00e9dica \/<\/td><\/tr><tr><td>I-331 SLE pil<\/td><td>3-6<\/td><td>819<\/td><td>IAZ<\/td><td>1009264630<\/td><td>19324<\/td><td>Piloto de carreras \/<\/td><\/tr><tr><td>I-331 SLE vet<\/td><td>3-6<\/td><td>819<\/td><td>IAZ<\/td><td>1009264578<\/td><td>19321<\/td><td>Veterinaria \/<\/td><\/tr><tr><td>I-395 MAC esc<\/td><td>3-6<\/td><td>819<\/td><td>IAZ<\/td><td>1009309718<\/td><td>19475<\/td><td>La escuela de buenas maneras de Do\u00f1a Carmela \/<\/td><\/tr><tr><td>I-56 GAR ani<\/td><td>3-6<\/td><td>819<\/td><td>IAZ<\/td><td>1009397357<\/td><td>19621<\/td><td>Animales de la A a la Z \/<\/td><\/tr><tr><td>I-578 CAB vid<\/td><td>3-6 C\/H<\/td><td>819<\/td><td>IAZ<\/td><td>1009323795<\/td><td>19521<\/td><td>La vida secreta de los virus \/<\/td><\/tr><tr><td>I-613 GAR san<\/td><td>3-6<\/td><td>819<\/td><td>IAZ<\/td><td>1009323713<\/td><td>19519<\/td><td>Sanotes, sanitos : un cuento para comer sano, eliminar las b<\/td><\/tr><tr><td>I-629 PAR tra<\/td><td>3-6<\/td><td>819<\/td><td>IAZ<\/td><td>1009329595<\/td><td>19532<\/td><td>Los transportes con Boby el h\u00e1mster \/<\/td><\/tr><tr><td>I-P RUB cho<\/td><td>3-6<\/td><td>819<\/td><td>IAZ<\/td><td>1009299189<\/td><td>19432<\/td><td>Ch\u00f3fer de sand\u00edas. \/<\/td><\/tr><tr><td>ING I DOM lib<\/td><td>3-6<\/td><td>819<\/td><td>OT<\/td><td>1009324089<\/td><td>19523<\/td><td>El libro de Coqui : 1 a\u00f1o en adelante \/<\/td><\/tr><tr><td><\/td><td><\/td><\/tr><tr><td><\/td><td><\/td><\/tr><\/tbody><\/table><\/figure>\n\n\n\n<figure class=\"wp-block-table\"><table><tbody><tr><td><strong>&nbsp;<\/strong><\/td><td><strong>&nbsp;<\/strong><\/td><td><strong>&nbsp;<\/strong><\/td><td><strong>&nbsp;<\/strong><\/td><td><strong>&nbsp;<\/strong><\/td><td><strong>&nbsp;<\/strong><\/td><td><strong>&nbsp;<\/strong><\/td><td>&nbsp;<\/td><\/tr><tr><td>28\/06\/2022<\/td><\/tr><tr><td>LISTADO TOPOGR\u00c1FICO DE EJEMPLARES<\/td><\/tr><tr><td><\/td><td><\/td><\/tr><tr><td><strong>Signatura<\/strong><\/td><td><strong>Sig. supl.<\/strong><\/td><td><strong>T\u00edtulo<\/strong><\/td><td><strong>Autor<\/strong><\/td><td><\/td><td><\/td><td><\/td><\/tr><tr><td>I BLE que<\/td><td>6-9 S\/E<\/td><td>\u00bfQu\u00e9 viene despu\u00e9s de mil?<\/td><td>Bley, Anette.<\/td><td><\/td><td><\/td><td><\/td><\/tr><tr><td>I GRA kom<\/td><td>6-9 P<\/td><td>Komache \/<\/td><td>Graciani, Mar\u00eda.<\/td><td><\/td><td><\/td><td><\/td><\/tr><tr><td>I GRO por<\/td><td>6-9 S\/E<\/td><td>Porque eres especial;<\/td><td>Gross, Alma.<\/td><td><\/td><td><\/td><td><\/td><\/tr><tr><td>I GUN peq<\/td><td>6-9 P<\/td><td>Peque\u00f1a experta en el desorden \/<\/td><td>Gund\u00edn Castro, Alba.<\/td><td><\/td><td><\/td><td><\/td><\/tr><tr><td>I IBA yot<\/td><td>6-9 S\/E<\/td><td>Yo tambi\u00e9n soy diferente<\/td><td>Ibarrola, Bego\u00f1a (1954-)<\/td><td><\/td><td><\/td><td><\/td><\/tr><tr><td>I IGL nad<\/td><td>6-9 P<\/td><td>\u00a1Nada es lo que parece! \/<\/td><td>Iglesias Mart\u00ednez, In\u00e9s Mar\u00eda.<\/td><td><\/td><td><\/td><td><\/td><\/tr><tr><td>I KNI kik<\/td><td>6-9<\/td><td>Kika superbruja revoluciona la clase \/ Knister ; ilustraciones : Birgit Rieger.<\/td><td>Knister.<\/td><td><\/td><td><\/td><td><\/td><\/tr><tr><td>I LOP est<\/td><td>6-9 S\/E<\/td><td>Las estrellitas de Malekin \/<\/td><td>L\u00f3pez Iglesias, Covadonga.<\/td><td><\/td><td><\/td><td><\/td><\/tr><tr><td>I MAR bus<\/td><td>6-9 S\/E<\/td><td>Busco acompa\u00f1ante para el d\u00eda de Navidad \/<\/td><td>Mariel.<\/td><td><\/td><td><\/td><td><\/td><\/tr><tr><td>I MUN isa<\/td><td>6-9<\/td><td>Isadora Moon y el hada de los dientes \/<\/td><td>Muncaster, Harriet.<\/td><td><\/td><td><\/td><td><\/td><\/tr><tr><td>I PAL gaf<\/td><td>6-9 S\/E<\/td><td>Las gafas m\u00e1gicas \/<\/td><td>Palacios Rodr\u00edguez, Carmen Mar\u00eda.<\/td><td><\/td><td><\/td><td><\/td><\/tr><tr><td>I SIE clu<\/td><td>6-9<\/td><td>El club de los Raros \/<\/td><td>Sierra i Fabra, Jordi (1947-)<\/td><td><\/td><td><\/td><td><\/td><\/tr><tr><td>I SIM pab<\/td><td>6-9<\/td><td>Pablo Diablo anda suelto \/<\/td><td>Simon, Francesca (1955-).<\/td><td><\/td><td><\/td><td><\/td><\/tr><tr><td>I TEL no<\/td><td>6-9 S\/E<\/td><td>\u00bfNo hay nadie enfadado? \/<\/td><td>Tellegen, Toon.<\/td><td><\/td><td><\/td><td><\/td><\/tr><tr><td>I WES tie<\/td><td>6-9 P<\/td><td>La tierra antes de los cerdos \/<\/td><td>West, Tracey.<\/td><td><\/td><td><\/td><td><\/td><\/tr><tr><td>I-331 ERY sal<\/td><td>6-9<\/td><td>Salvavidas :<\/td><td>Eryl, Nash.<\/td><td><\/td><td><\/td><td><\/td><\/tr><tr><td>I-504 KIM pla<\/td><td>6-9<\/td><td>Pl\u00e1stico :<\/td><td>Kim, Eunju.<\/td><td><\/td><td><\/td><td><\/td><\/tr><tr><td>I-52 GEI sol<\/td><td>6-9<\/td><td>El sol y los planetas \/<\/td><td>Geis, Patricia (1966-)<\/td><td><\/td><td><\/td><td><\/td><\/tr><tr><td>I-612 IP cer<\/td><td>6-9 C\/H<\/td><td>El cerebro<\/td><td>Ip Betina<\/td><td><\/td><td><\/td><td><\/td><\/tr><tr><td>I-9 DUS lib<\/td><td>6-9<\/td><td>El libro de los faraones \/<\/td><td>Dussaussois, Sophie.<\/td><td><\/td><td><\/td><td><\/td><\/tr><tr><td>I-P BEC cua<\/td><td>6-9<\/td><td>Las XLIII rimas m\u00e1s rom\u00e1nticas para ni\u00f1@s enamoradiz@s \/<\/td><td>B\u00e9cquer, Gustavo Adolfo (1836-1870)<\/td><td><\/td><td><\/td><td><\/td><\/tr><tr><td><\/td><td><\/td><\/tr><tr><td><\/td><td><\/td><\/tr><tr><td><\/td><td><\/td><td><\/td><td><\/td><td><\/td><td><\/td><td><\/td><td><\/td><td><\/td><td><\/td><td><\/td><td><\/td><td><\/td><td><\/td><\/tr><\/tbody><\/table><\/figure>\n\n\n\n<figure class=\"wp-block-table\"><table><tbody><tr><td>28\/06\/2022<\/td><\/tr><tr><td>LISTADO TOPOGR\u00c1FICO DE EJEMPLARES<\/td><\/tr><tr><td><\/td><td><\/td><\/tr><tr><td><strong>Signatura<\/strong><\/td><td><strong>Sig. supl.<\/strong><\/td><td><strong>T\u00edtulo<\/strong><\/td><td><strong>Autor<\/strong><\/td><td><\/td><td><\/td><td><\/td><\/tr><tr><td>I FRI cua 8<\/td><td>9-14<\/td><td>El caso del director del colegio desenmascarado \/<\/td><td>Friedrich, Joachim.<\/td><td><\/td><td><\/td><td><\/td><\/tr><tr><td>I SAN for<\/td><td>9-14<\/td><td>La aventura de los Balbuena en las antiguas olimpiadas \/<\/td><td>Santiago, Roberto (1968-)<\/td><td><\/td><td><\/td><td><\/td><\/tr><tr><td>I SAN for<\/td><td>9-14<\/td><td>La aventura de los Balbuena con los inventores del f\u00fatbol \/<\/td><td>Santiago, Roberto (1968-)<\/td><td><\/td><td><\/td><td><\/td><\/tr><tr><td>I SAN for<\/td><td>9-14<\/td><td>La aventura de los Balbuena en el Imperio romano \/<\/td><td>Santiago, Roberto (1968-)<\/td><td><\/td><td><\/td><td><\/td><\/tr><tr><td>I SAN for<\/td><td>9-14<\/td><td>La aventura de los Balbuena con los superninjas \/<\/td><td>Santiago, Roberto (1968-)<\/td><td><\/td><td><\/td><td><\/td><\/tr><tr><td>I SAN for<\/td><td>9-14<\/td><td>La aventura de los Balbuena: objetivo la luna \/<\/td><td>Santiago, Roberto (1968-)<\/td><td><\/td><td><\/td><td><\/td><\/tr><tr><td>I SAN for<\/td><td>9-14<\/td><td>La aventura de los Balbuena en el gale\u00f3n pirata \/<\/td><td>Santiago, Roberto (1968-)<\/td><td><\/td><td><\/td><td><\/td><\/tr><tr><td>I SAN fut<\/td><td>9-14<\/td><td>El misterio del portero fantasma \/<\/td><td>Santiago, Roberto (1968-)<\/td><td><\/td><td><\/td><td><\/td><\/tr><tr><td>I SAN fut 19<\/td><td>9-14<\/td><td>El misterio de las brujas futbolistas \/<\/td><td>Santiago, Roberto (1968-)<\/td><td><\/td><td><\/td><td><\/td><\/tr><tr><td>I-524 ALO mir<\/td><td>9-14<\/td><td>\u00a1Mira al cielo! \/<\/td><td>Alonso Pe\u00f1a, Jos\u00e9 Ram\u00f3n (1962-)<\/td><td><\/td><td><\/td><td><\/td><\/tr><tr><td>I-550 NOG mil<\/td><td>9-14<\/td><td>Un mill\u00f3n de ostras en lo alto de la monta\u00f1a \/<\/td><td>Nogu\u00e9s, Alex.<\/td><td><\/td><td><\/td><td><\/td><\/tr><tr><td>I-575 BUN com<\/td><td>9-14<\/td><td>\u00bfC\u00f3mo he llegado hasta aqu\u00ed? \/<\/td><td>Bunting, Philip.<\/td><td><\/td><td><\/td><td><\/td><\/tr><tr><td><\/td><td><\/td><\/tr><tr><td><\/td><td><\/td><\/tr><\/tbody><\/table><\/figure>\n","protected":false},"excerpt":{"rendered":"<p>28\/06\/2022 LISTADO TOPOGR\u00c1FICO DE EJEMPLARES Signatura Sig. supl. T\u00edtulo Autor I AAK lil 0-3 Lili monta una fiesta \/ Aakeson, Kim Fupz. I AAK lil 0-3 Lili aprende los colores \/ Aakeson, Kim Fupz. I AAK lil 0-3 Lili se lava los dientes \/ Aakeson, Kim Fupz. I AAK lil 0-3 Lili quiere ser mayor&#8230;<\/p>\n","protected":false},"author":1,"featured_media":0,"parent":0,"menu_order":0,"comment_status":"closed","ping_status":"closed","template":"","meta":{"footnotes":""},"class_list":["post-3714","page","type-page","status-publish","hentry"],"_links":{"self":[{"href":"https:\/\/www.rmbs.es\/blog\/biblioteca-luis-cernuda\/index.php?rest_route=\/wp\/v2\/pages\/3714","targetHints":{"allow":["GET"]}}],"collection":[{"href":"https:\/\/www.rmbs.es\/blog\/biblioteca-luis-cernuda\/index.php?rest_route=\/wp\/v2\/pages"}],"about":[{"href":"https:\/\/www.rmbs.es\/blog\/biblioteca-luis-cernuda\/index.php?rest_route=\/wp\/v2\/types\/page"}],"author":[{"embeddable":true,"href":"https:\/\/www.rmbs.es\/blog\/biblioteca-luis-cernuda\/index.php?rest_route=\/wp\/v2\/users\/1"}],"replies":[{"embeddable":true,"href":"https:\/\/www.rmbs.es\/blog\/biblioteca-luis-cernuda\/index.php?rest_route=%2Fwp%2Fv2%2Fcomments&post=3714"}],"version-history":[{"count":6,"href":"https:\/\/www.rmbs.es\/blog\/biblioteca-luis-cernuda\/index.php?rest_route=\/wp\/v2\/pages\/3714\/revisions"}],"predecessor-version":[{"id":3949,"href":"https:\/\/www.rmbs.es\/blog\/biblioteca-luis-cernuda\/index.php?rest_route=\/wp\/v2\/pages\/3714\/revisions\/3949"}],"wp:attachment":[{"href":"https:\/\/www.rmbs.es\/blog\/biblioteca-luis-cernuda\/index.php?rest_route=%2Fwp%2Fv2%2Fmedia&parent=3714"}],"curies":[{"name":"wp","href":"https:\/\/api.w.org\/{rel}","templated":true}]}}