{"id":146,"date":"2010-07-01T11:27:37","date_gmt":"2010-07-01T11:27:37","guid":{"rendered":"http:\/\/www.rmbs.es\/blog\/biblioteca-luis-cernuda\/?page_id=146"},"modified":"2022-06-28T10:49:03","modified_gmt":"2022-06-28T10:49:03","slug":"novedades-libros","status":"publish","type":"page","link":"https:\/\/www.rmbs.es\/blog\/biblioteca-luis-cernuda\/?page_id=146","title":{"rendered":"Novedades 2022.  Narrativa"},"content":{"rendered":"\n<p> Destacamos aqu\u00ed algunas de las novedades recibidas recientemente en nuestra biblioteca. <\/p>\n\n\n\n<p><\/p>\n\n\n\n<figure class=\"wp-block-table\"><table><tbody><tr><td>28\/06\/2022<\/td><\/tr><tr><td>LISTADO TOPOGR\u00c1FICO DE EJEMPLARES<\/td><\/tr><tr><td><\/td><td><\/td><\/tr><tr><td><strong>Signatura<\/strong><\/td><td><strong>Sig. supl.<\/strong><\/td><td><strong>Suc<\/strong><\/td><td><strong>Loc<\/strong><\/td><td><strong>C\u00f3d. Bar.<\/strong><\/td><td><strong>N\u00ba Reg<\/strong><\/td><td><strong>T\u00edtulo<\/strong><\/td><\/tr><tr><td>N ALL ine<\/td><td>HI<\/td><td>819<\/td><td>OL<\/td><td>1009381665<\/td><td>19603<\/td><td>In\u00e9s del alma m\u00eda \/<\/td><\/tr><tr><td>N ALN sab<\/td><td>ER<\/td><td>819<\/td><td>OL<\/td><td>1009236115<\/td><td>19243<\/td><td>El sabor de la miel \/<\/td><\/tr><tr><td>N ARA ven<\/td><td><\/td><td>819<\/td><td>OL<\/td><td>1009234450<\/td><td>19226<\/td><td>Los vencejos \/<\/td><\/tr><tr><td>N AUR tej<\/td><td>RP<\/td><td>819<\/td><td>OL<\/td><td>1009307298<\/td><td>19468<\/td><td>El tejido de los d\u00edas \/<\/td><\/tr><tr><td>N AVI her<\/td><td><\/td><td>819<\/td><td>OL<\/td><td>1009161155<\/td><td>19130<\/td><td>Herederos desheredados \/<\/td><\/tr><tr><td>N BAC vil 1<\/td><td>RP<\/td><td>819<\/td><td>OL<\/td><td>1009378292<\/td><td>19594<\/td><td>La villa de la seda \/<\/td><\/tr><tr><td>N BAN ant<\/td><td>M<\/td><td>819<\/td><td>OL<\/td><td>1009236138<\/td><td>19244<\/td><td>Antigua luz \/<\/td><\/tr><tr><td>N BAN ecl<\/td><td>M<\/td><td>819<\/td><td>OL<\/td><td>1009236070<\/td><td>19241<\/td><td>Eclipse \/<\/td><\/tr><tr><td>N BAN gui<\/td><td>M<\/td><td>819<\/td><td>OL<\/td><td>1009236079<\/td><td>19242<\/td><td>La guitarra azul \/<\/td><\/tr><tr><td>N BAN mar<\/td><td>M<\/td><td>819<\/td><td>OL<\/td><td>1009236222<\/td><td>19247<\/td><td>El mar \/<\/td><\/tr><tr><td>N BAN reg<\/td><td>IN<\/td><td>819<\/td><td>OL<\/td><td>1009225104<\/td><td>19183<\/td><td>Regreso a Birchwood \/<\/td><\/tr><tr><td>N BAN sil<\/td><td>M<\/td><td>819<\/td><td>OL<\/td><td>1009223712<\/td><td>19171<\/td><td>El silencio de las olas \/<\/td><\/tr><tr><td>N BAR cal<\/td><td><\/td><td>819<\/td><td>OL<\/td><td>1009290031<\/td><td>19422<\/td><td>Las calles siniestras : antolog\u00eda del eterno paseante \/<\/td><\/tr><tr><td>N BAS inv<\/td><td>BI RP<\/td><td>819<\/td><td>OL<\/td><td>1009225040<\/td><td>19181<\/td><td>Invierno \/<\/td><\/tr><tr><td>N BEC ell<\/td><td>RP<\/td><td>819<\/td><td>OL<\/td><td>1009348647<\/td><td>19549<\/td><td>Ella, que todo lo tuvo \/<\/td><\/tr><tr><td>N BEN dia<\/td><td>CF<\/td><td>819<\/td><td>OL<\/td><td>1009307228<\/td><td>19467<\/td><td>El d\u00eda del rel\u00e1mpago \/<\/td><\/tr><tr><td>N BEN est<\/td><td><\/td><td>819<\/td><td>OL<\/td><td>1009381569<\/td><td>19602<\/td><td>Esta ma\u00f1ana ; Montevideanos \/<\/td><\/tr><tr><td>N BLA enb<\/td><td>M<\/td><td>819<\/td><td>OL<\/td><td>1009234443<\/td><td>19225<\/td><td>En busca de April \/<\/td><\/tr><tr><td>N BLA mue<\/td><td>IN PO<\/td><td>819<\/td><td>OL<\/td><td>1009222386<\/td><td>19165<\/td><td>Muerte en verano \/<\/td><\/tr><tr><td>N BLA ord<\/td><td>M<\/td><td>819<\/td><td>OL<\/td><td>1009234734<\/td><td>19234<\/td><td>\u00d3rdenes sagradas \/<\/td><\/tr><tr><td>N BLA otr<\/td><td>M<\/td><td>819<\/td><td>OL<\/td><td>1009234375<\/td><td>19224<\/td><td>El otro nombre de Laura \/<\/td><\/tr><tr><td>N BLA rub<\/td><td>M<\/td><td>819<\/td><td>OL<\/td><td>1009234638<\/td><td>19232<\/td><td>La rubia de ojos negros : una novela de Philip Marlowe \/<\/td><\/tr><tr><td>N BLA som<\/td><td>M<\/td><td>819<\/td><td>OL<\/td><td>1009235949<\/td><td>19240<\/td><td>Las sombras de Quirke \/<\/td><\/tr><tr><td>N BLA ven<\/td><td>M<\/td><td>819<\/td><td>OL<\/td><td>1009234678<\/td><td>19233<\/td><td>Venganza \/<\/td><\/tr><tr><td>N BON nad<\/td><td>IN LG<\/td><td>819<\/td><td>OL<\/td><td>1009222415<\/td><td>19167<\/td><td>Nadie contra nadie \/<\/td><\/tr><tr><td>N BRO cod<\/td><td>M<\/td><td>819<\/td><td>OL<\/td><td>1009380351<\/td><td>19601<\/td><td>El C\u00f3digo Da Vinci \/<\/td><\/tr><tr><td>N BUK cam<\/td><td>RC<\/td><td>819<\/td><td>OL<\/td><td>1009228060<\/td><td>19188<\/td><td>Las campanas no doblan por nadie \/<\/td><\/tr><tr><td>N CAL ord<\/td><td>HI<\/td><td>819<\/td><td>OL<\/td><td>1009374695<\/td><td>19579<\/td><td>La orden negra \/<\/td><\/tr><tr><td>N CAL tra<\/td><td><\/td><td>819<\/td><td>OL<\/td><td>1009269011<\/td><td>19340<\/td><td>La traves\u00eda final \/<\/td><\/tr><tr><td>N CAS cas<\/td><td>HI<\/td><td>819<\/td><td>OL<\/td><td>1009252479<\/td><td>19291<\/td><td>La casa de los seis balcones \/<\/td><\/tr><tr><td>N CAS dam<\/td><td>HI AT PF<\/td><td>819<\/td><td>OL<\/td><td>1009374702<\/td><td>19580<\/td><td>La dama y el le\u00f3n \/<\/td><\/tr><tr><td>N CAS jue<\/td><td>M<\/td><td>819<\/td><td>OL<\/td><td>1009229506<\/td><td>19194<\/td><td>El juego del alma \/<\/td><\/tr><tr><td>N CHA nod<\/td><td>PO<\/td><td>819<\/td><td>OL<\/td><td>1009245612<\/td><td>19263<\/td><td>No decepciones a tu padre \/<\/td><\/tr><tr><td>N CHA sil<\/td><td>RP<\/td><td>819<\/td><td>OL<\/td><td>1009247626<\/td><td>19269<\/td><td>Los silencios de Hugo \/<\/td><\/tr><tr><td>N CHU tie<\/td><td>RP<\/td><td>819<\/td><td>OL<\/td><td>1009248796<\/td><td>19282<\/td><td>Tiempo de errores \/<\/td><\/tr><tr><td>N COE des<\/td><td>RP<\/td><td>819<\/td><td>OL<\/td><td>1009374628<\/td><td>19578<\/td><td>Desgracia \/ J.M. Coetzee ; traducci\u00f3n de Miguel Mart\u00ednez-Lag<\/td><\/tr><tr><td>N COE onc<\/td><td>RP<\/td><td>819<\/td><td>OL<\/td><td>1009374736<\/td><td>19581<\/td><td>Once minutos \/<\/td><\/tr><tr><td>N CON ino<\/td><td>M<\/td><td>819<\/td><td>OL<\/td><td>1009374741<\/td><td>19582<\/td><td>El inocente \/<\/td><\/tr><tr><td>N COO lib<\/td><td><\/td><td>819<\/td><td>OL<\/td><td>1009160051<\/td><td>19128<\/td><td>El libro de las almas \/<\/td><\/tr><tr><td>N COR ano<\/td><td>RO<\/td><td>819<\/td><td>OL<\/td><td>1009225137<\/td><td>19185<\/td><td>Anoche so\u00f1\u00e9 mariposas \/<\/td><\/tr><tr><td>N COR fac<\/td><td>PO<\/td><td>819<\/td><td>OL<\/td><td>1009388708<\/td><td>19604<\/td><td>El factor Scarpetta \/<\/td><\/tr><tr><td>N CUE jod<\/td><td>RP<\/td><td>819<\/td><td>OL<\/td><td>1009234300<\/td><td>19223<\/td><td>J\u00f3dete y crece \/<\/td><\/tr><tr><td>N DEL ami<\/td><td>BI RP<\/td><td>819<\/td><td>OL<\/td><td>1009278344<\/td><td>19373<\/td><td>La amistad de dos gigantes : correspondencia (1960-2007) \/<\/td><\/tr><tr><td>N der<\/td><td><\/td><td>819<\/td><td>OL<\/td><td>1009276854<\/td><td>19366<\/td><td>El derbi final : relatos sobre la rivalidad del f\u00fatbol sevil<\/td><\/tr><tr><td>N DUE sir<\/td><td>RP<\/td><td>819<\/td><td>OL<\/td><td>1009223777<\/td><td>19174<\/td><td>Sira \/<\/td><\/tr><tr><td>N DUR fam<\/td><td>RP<\/td><td>819<\/td><td>OL<\/td><td>1009234573<\/td><td>19230<\/td><td>La familia Berl\u00edn : novela \/<\/td><\/tr><tr><td>N EIR mil<\/td><td>RO<\/td><td>819<\/td><td>OL<\/td><td>1009236140<\/td><td>19245<\/td><td>Mil noches a tu lado \/<\/td><\/tr><tr><td>N ELH lun<\/td><td><\/td><td>819<\/td><td>OL<\/td><td>1009254587<\/td><td>19297<\/td><td>El lunes nos querr\u00e1n \/<\/td><\/tr><tr><td>N ESQ com<\/td><td>RP<\/td><td>819<\/td><td>DEP<\/td><td>1009373951<\/td><td>19577<\/td><td>Como agua para chocolate \/<\/td><\/tr><tr><td>N FAL cat<\/td><td>HI<\/td><td>819<\/td><td>OL<\/td><td>1009372277<\/td><td>19571<\/td><td>La catedral del mar \/<\/td><\/tr><tr><td>N FER ter<\/td><td>BE BI<\/td><td>819<\/td><td>OL<\/td><td>1009268993<\/td><td>19339<\/td><td>El terror rojo \/<\/td><\/tr><tr><td>N FIS den<\/td><td>HI<\/td><td>819<\/td><td>OL<\/td><td>1009254541<\/td><td>19295<\/td><td>Dentro de dos a\u00f1os \/<\/td><\/tr><tr><td>N FLO pie<\/td><td>RP<\/td><td>819<\/td><td>OL<\/td><td>1009234485<\/td><td>19227<\/td><td>Piel de agua \/<\/td><\/tr><tr><td>N FOE bib<\/td><td>RP<\/td><td>819<\/td><td>OL<\/td><td>1009301466<\/td><td>19440<\/td><td>La biblioteca de los libros rechazados \/<\/td><\/tr><tr><td>N FOE fam<\/td><td>RP<\/td><td>819<\/td><td>OL<\/td><td>1009222446<\/td><td>19168<\/td><td>La familia Martin \/<\/td><\/tr><tr><td>N FOL mun<\/td><td>HI<\/td><td>819<\/td><td>OL<\/td><td>1009372592<\/td><td>19576<\/td><td>Un mundo sin fin \/<\/td><\/tr><tr><td>N FOL nun<\/td><td>MI<\/td><td>819<\/td><td>OL<\/td><td>1009248407<\/td><td>19273<\/td><td>Nunca \/<\/td><\/tr><tr><td>N FOL pil<\/td><td>HI<\/td><td>819<\/td><td>DEP<\/td><td>1009372392<\/td><td>19574<\/td><td>Los pilares de la tierra \/<\/td><\/tr><tr><td>N FOL pil<\/td><td>HI<\/td><td>819<\/td><td>OL<\/td><td>1009372497<\/td><td>19575<\/td><td>Los pilares de la tierra \/<\/td><\/tr><tr><td>N GAA mis<\/td><td>FI<\/td><td>819<\/td><td>OL<\/td><td>1009376030<\/td><td>19587<\/td><td>El misterio del solitario \/<\/td><\/tr><tr><td>N GAA mun<\/td><td>FI<\/td><td>819<\/td><td>OL<\/td><td>1009376006<\/td><td>19586<\/td><td>El mundo de Sof\u00eda : novela sobre la historia de la filosof\u00eda<\/td><\/tr><tr><td>N GAL afu<\/td><td>RP<\/td><td>819<\/td><td>OL<\/td><td>1009156465<\/td><td>19121<\/td><td>Las afueras de Dios \/<\/td><\/tr><tr><td>N GAL ped<\/td><td>HI<\/td><td>819<\/td><td>OL<\/td><td>1009375127<\/td><td>19585<\/td><td>El pedestal de las estatuas \/<\/td><\/tr><tr><td>N GAR par<\/td><td>MI<\/td><td>819<\/td><td>OL<\/td><td>1009234500<\/td><td>19228<\/td><td>Para olvidar qui\u00e9n fuiste \/<\/td><\/tr><tr><td>N GIR gue 1<\/td><td>HI BE<\/td><td>819<\/td><td>DEP<\/td><td>1009229593<\/td><td>19200<\/td><td>Los cipreses creen en Dios \/<\/td><\/tr><tr><td>N GIR gue 2<\/td><td>HI BE<\/td><td>819<\/td><td>DEP<\/td><td>1009229600<\/td><td>19201<\/td><td>Un mill\u00f3n de muertos \/<\/td><\/tr><tr><td>N GIR gue 3<\/td><td>HI BE<\/td><td>819<\/td><td>DEP<\/td><td>1009229610<\/td><td>19202<\/td><td>Ha estallado la paz \/<\/td><\/tr><tr><td>N GRA rub<\/td><td>ER RC<\/td><td>819<\/td><td>OL<\/td><td>1009416011<\/td><td>19637<\/td><td>Rubor\u00edzate a\u00fan m\u00e1s \/<\/td><\/tr><tr><td>N GRA rub<\/td><td>ER RC<\/td><td>819<\/td><td>OL<\/td><td>1009228081<\/td><td>19189<\/td><td>Rubor\u00edzate: nuevos cuentos er\u00f3ticos para sonrojarse<\/td><\/tr><tr><td>N GRI tap<\/td><td><\/td><td>819<\/td><td>OL<\/td><td>1009377220<\/td><td>19589<\/td><td>La tapadera \/<\/td><\/tr><tr><td>N GUR par<\/td><td>RP<\/td><td>819<\/td><td>OL<\/td><td>1009236160<\/td><td>19246<\/td><td>Para\u00edso \/<\/td><\/tr><tr><td>N HAI bib<\/td><td>RP<\/td><td>819<\/td><td>OL<\/td><td>1009236324<\/td><td>19249<\/td><td>La Biblioteca de la Medianoche \/<\/td><\/tr><tr><td>N HAW afu<\/td><td>IN MI<\/td><td>819<\/td><td>OL<\/td><td>1009245566<\/td><td>19262<\/td><td>A fuego lento \/<\/td><\/tr><tr><td>N HOL cas<\/td><td><\/td><td>819<\/td><td>OL<\/td><td>1009160128<\/td><td>19129<\/td><td>Castigo \/<\/td><\/tr><tr><td>N HOS com<\/td><td>RP<\/td><td>819<\/td><td>OL<\/td><td>1009374922<\/td><td>19583<\/td><td>Cometas en el cielo \/<\/td><\/tr><tr><td>N JAC man 3<\/td><td>RP<\/td><td>819<\/td><td>OL<\/td><td>1009234507<\/td><td>19229<\/td><td>La mansi\u00f3n : tiempo de resurgir \/<\/td><\/tr><tr><td>N JAC vil 4<\/td><td>RO EP<\/td><td>819<\/td><td>OL<\/td><td>1009306395<\/td><td>19457<\/td><td>Regreso a la villa de las telas \/<\/td><\/tr><tr><td>N JAM cin<\/td><td>ER<\/td><td>819<\/td><td>DEP<\/td><td>1009376114<\/td><td>19588<\/td><td>Cincuenta sombras liberadas \/<\/td><\/tr><tr><td>N JON abu<\/td><td>AV<\/td><td>819<\/td><td>OL<\/td><td>1009157894<\/td><td>19122<\/td><td>El abuelo que salt\u00f3 por la ventana y se larg\u00f3 \/<\/td><\/tr><tr><td>N JUN nad<\/td><td>M<\/td><td>819<\/td><td>OL<\/td><td>1009350726<\/td><td>19552<\/td><td>Nadie lo ha visto \/<\/td><\/tr><tr><td>N JUS amo<\/td><td>RP<\/td><td>819<\/td><td>OL<\/td><td>1009222412<\/td><td>19166<\/td><td>Amor al arte \/<\/td><\/tr><tr><td>N KIN des<\/td><td>TE<\/td><td>819<\/td><td>OL<\/td><td>1009248446<\/td><td>19277<\/td><td>Despu\u00e9s \/<\/td><\/tr><tr><td>N LAC hij<\/td><td>M<\/td><td>819<\/td><td>DEP<\/td><td>1009389098<\/td><td>19607<\/td><td>Las hijas del fr\u00edo \/<\/td><\/tr><tr><td>N LAF nad<\/td><td>RP EP AT PF<\/td><td>819<\/td><td>DEP<\/td><td>1009236542<\/td><td>19251<\/td><td>Nada \/<\/td><\/tr><tr><td>N LAR all<\/td><td>RP<\/td><td>819<\/td><td>OL<\/td><td>1009247528<\/td><td>19265<\/td><td>All\u00ed donde nace el d\u00eda \/<\/td><\/tr><tr><td>N LAR nub 1<\/td><td>RO<\/td><td>819<\/td><td>OL<\/td><td>1009148444<\/td><td>19119<\/td><td>En el pais de la nube blanca \/<\/td><\/tr><tr><td>N LEC has<\/td><td>MI<\/td><td>819<\/td><td>OL<\/td><td>1009245675<\/td><td>19264<\/td><td>Hasta donde termina el mar \/<\/td><\/tr><tr><td>N LET ano<\/td><td>MI<\/td><td>819<\/td><td>OL<\/td><td>1009158471<\/td><td>19126<\/td><td>La anomal\u00eda \/<\/td><\/tr><tr><td>N LEV cos<\/td><td><\/td><td>819<\/td><td>PRE<\/td><td>1009161226<\/td><td>19132<\/td><td>Las cosas que no nos dijimos \/<\/td><\/tr><tr><td>N LUC vid<\/td><td>RP<\/td><td>819<\/td><td>OL<\/td><td>1009229558<\/td><td>19197<\/td><td>La vida en un minuto \/<\/td><\/tr><tr><td>N MAR so\u00f1<\/td><td>RP<\/td><td>819<\/td><td>OL<\/td><td>1009388744<\/td><td>19606<\/td><td>La so\u00f1adora \/<\/td><\/tr><tr><td>N MAS dem<\/td><td>HI<\/td><td>819<\/td><td>OL<\/td><td>1009229514<\/td><td>19195<\/td><td>Los demonios del Reich \/<\/td><\/tr><tr><td>N MEN com<\/td><td>HU<\/td><td>819<\/td><td>DEP<\/td><td>1009151519<\/td><td>19120<\/td><td>Una comedia ligera \/<\/td><\/tr><tr><td>N MEN sin<\/td><td>HU<\/td><td>819<\/td><td>OL<\/td><td>1009392101<\/td><td>19613<\/td><td>Sin noticias de Gurb \/<\/td><\/tr><tr><td>N MER map<\/td><td>RP<\/td><td>819<\/td><td>OL<\/td><td>1009236401<\/td><td>19250<\/td><td>El mapa de los afectos. \/<\/td><\/tr><tr><td>N MOL bes<\/td><td>M<\/td><td>819<\/td><td>OL<\/td><td>1009223757<\/td><td>19173<\/td><td>La bestia : Madrid, 1834 \/<\/td><\/tr><tr><td>N MOL pro<\/td><td>HI<\/td><td>819<\/td><td>OL<\/td><td>1009174033<\/td><td>19135<\/td><td>Prom\u00e9teme que ser\u00e1s libre \/<\/td><\/tr><tr><td>N MOL tie<\/td><td>HI<\/td><td>819<\/td><td>OL<\/td><td>1009174080<\/td><td>19137<\/td><td>Tiempo de cenizas \/<\/td><\/tr><tr><td>N MOR apr<\/td><td>HI<\/td><td>819<\/td><td>OL<\/td><td>1009254553<\/td><td>19296<\/td><td>A prueba de fuego : la aventura americana de Rafael Guastavi<\/td><\/tr><tr><td>N MOR dif<\/td><td>RP<\/td><td>819<\/td><td>OL<\/td><td>1009223851<\/td><td>19175<\/td><td>Diferente \/<\/td><\/tr><tr><td>N MOR hor<\/td><td>M<\/td><td>819<\/td><td>OL<\/td><td>1009143651<\/td><td>19116<\/td><td>Las horas distantes \/<\/td><\/tr><tr><td>N MOR imp<\/td><td>HI<\/td><td>819<\/td><td>OL<\/td><td>1009390823<\/td><td>19611<\/td><td>El imperio eres t\u00fa \/<\/td><\/tr><tr><td>N MOR lec<\/td><td>RP<\/td><td>819<\/td><td>OL<\/td><td>1009301421<\/td><td>19439<\/td><td>Lectura f\u00e1cil \/<\/td><\/tr><tr><td>N MOR pas<\/td><td>RP BI<\/td><td>819<\/td><td>OL<\/td><td>1009390808<\/td><td>19610<\/td><td>Pasi\u00f3n india \/<\/td><\/tr><tr><td>N MU\u00d1 eni<\/td><td>HU<\/td><td>819<\/td><td>OL<\/td><td>1009269026<\/td><td>19341<\/td><td>El enigma del evangelio \u00abTriana\u00bb \/<\/td><\/tr><tr><td>N MUR pri<\/td><td>RP<\/td><td>819<\/td><td>OL<\/td><td>1009225131<\/td><td>19184<\/td><td>Primera persona del singular \/<\/td><\/tr><tr><td>N NAV den<\/td><td>RP<\/td><td>819<\/td><td>OL<\/td><td>1009224153<\/td><td>19180<\/td><td>De ninguna parte \/<\/td><\/tr><tr><td>N NEV fue 2<\/td><td><\/td><td>819<\/td><td>OL<\/td><td>1009173929<\/td><td>19134<\/td><td>El fuego \/<\/td><\/tr><tr><td>N PAS doc<\/td><td>RP<\/td><td>819<\/td><td>OL<\/td><td>1009176028<\/td><td>19140<\/td><td>El doctor Zhivago \/<\/td><\/tr><tr><td>N PEA clu<\/td><td><\/td><td>819<\/td><td>OL<\/td><td>1009377372<\/td><td>19591<\/td><td>El club Dante \/<\/td><\/tr><tr><td>N PER ita<\/td><td>HI<\/td><td>819<\/td><td>OL<\/td><td>1009224057<\/td><td>19179<\/td><td>El italiano \/<\/td><\/tr><tr><td>N POS cin<\/td><td>RP<\/td><td>819<\/td><td>OL<\/td><td>1009174244<\/td><td>19139<\/td><td>La cinta roja \/<\/td><\/tr><tr><td>N PRA peq<\/td><td>RP<\/td><td>819<\/td><td>OL<\/td><td>1009229656<\/td><td>19204<\/td><td>Peque\u00f1itas cosas extraordinarias \/<\/td><\/tr><tr><td>N PRE san<\/td><td>RP<\/td><td>819<\/td><td>OL<\/td><td>1009245416<\/td><td>19261<\/td><td>El santuario de los elefantes \/<\/td><\/tr><tr><td>N PRO ma\u00f1<\/td><td>RP<\/td><td>819<\/td><td>OL<\/td><td>1009223670<\/td><td>19169<\/td><td>Ma\u00f1ana tendremos otros nombres \/<\/td><\/tr><tr><td>N QUI hom<\/td><td>RP<\/td><td>819<\/td><td>OL<\/td><td>1009234592<\/td><td>19231<\/td><td>El hombre que vivi\u00f3 dos veces \/<\/td><\/tr><tr><td>N ROT nom<\/td><td>FA<\/td><td>819<\/td><td>OL<\/td><td>1009157906<\/td><td>19123<\/td><td>El nombre del viento : cr\u00f3nica el asesino de reyes, primer d<\/td><\/tr><tr><td>N RUI jue<\/td><td>M<\/td><td>819<\/td><td>DEP<\/td><td>1009143677<\/td><td>19117<\/td><td>El juego del \u00e1ngel \/<\/td><\/tr><tr><td>N RUI som<\/td><td>M<\/td><td>819<\/td><td>OL<\/td><td>1009174068<\/td><td>19136<\/td><td>La sombra del viento \/<\/td><\/tr><tr><td>N SAN bai<\/td><td>M<\/td><td>819<\/td><td>OL<\/td><td>1009230401<\/td><td>19211<\/td><td>El baile de los muertos \/<\/td><\/tr><tr><td>N SAN seg 2<\/td><td>RP<\/td><td>819<\/td><td>OL<\/td><td>1009148253<\/td><td>19118<\/td><td>Seguir\u00e9 tus pasos \/<\/td><\/tr><tr><td>N SAN ult<\/td><td>RP<\/td><td>819<\/td><td>OL<\/td><td>1009223746<\/td><td>19172<\/td><td>\u00daltimos d\u00edas en Berl\u00edn \/<\/td><\/tr><tr><td>N SAS dia<\/td><td>RP<\/td><td>819<\/td><td>OL<\/td><td>1009225050<\/td><td>19182<\/td><td>D\u00edas sin ti \/<\/td><\/tr><tr><td>N SAV gom<\/td><td>IN<\/td><td>819<\/td><td>OL<\/td><td>1009378473<\/td><td>19595<\/td><td>Gomorra : un viaje al imperio econ\u00f3mico y al sue\u00f1o de poder<\/td><\/tr><tr><td>N SET cue<\/td><td>M<\/td><td>819<\/td><td>OL<\/td><td>1009377262<\/td><td>19590<\/td><td>El cuento n\u00famero trece \/<\/td><\/tr><tr><td>N SHA soc<\/td><td>RP<\/td><td>819<\/td><td>OL<\/td><td>1009223701<\/td><td>19170<\/td><td>La Sociedad Literaria del Pastel de Piel de Patata de Guerns<\/td><\/tr><tr><td>N SIE ang<\/td><td>M<\/td><td>819<\/td><td>OL<\/td><td>1009174172<\/td><td>19138<\/td><td>El \u00e1ngel perdido \/<\/td><\/tr><tr><td>N SIE cen<\/td><td>HI<\/td><td>819<\/td><td>OL<\/td><td>1009377394<\/td><td>19592<\/td><td>La cena secreta \/<\/td><\/tr><tr><td>N SIE mae<\/td><td>M<\/td><td>819<\/td><td>OL<\/td><td>1009350697<\/td><td>19551<\/td><td>El maestro del Prado y las pinturas prof\u00e9ticas \/<\/td><\/tr><tr><td>N SIL dos<\/td><td>RO RP<\/td><td>819<\/td><td>OL<\/td><td>1009230370<\/td><td>19209<\/td><td>Dos vidas para Lydia.<\/td><\/tr><tr><td>N SLI can<\/td><td>RP SO<\/td><td>819<\/td><td>OL<\/td><td>1009228031<\/td><td>19187<\/td><td>Canci\u00f3n dulce \/<\/td><\/tr><tr><td>N SLI pai<\/td><td>PF RP SO<\/td><td>819<\/td><td>OL<\/td><td>1009222346<\/td><td>19164<\/td><td>El pa\u00eds de los otros. I., Guerra, guerra, guerra \/<\/td><\/tr><tr><td>N SPA se\u00f1<\/td><td>CO HU RP SO<\/td><td>819<\/td><td>OL<\/td><td>1009392273<\/td><td>19615<\/td><td>Las se\u00f1oritas de escasos medios \/<\/td><\/tr><tr><td>N SPA sol<\/td><td>MI PO RP<\/td><td>819<\/td><td>OL<\/td><td>1009392129<\/td><td>19614<\/td><td>Los solteros \/<\/td><\/tr><tr><td>N SVE cas<\/td><td>PO<\/td><td>819<\/td><td>OL<\/td><td>1009236306<\/td><td>19248<\/td><td>El caso Hartung \/<\/td><\/tr><tr><td>N URR pan<\/td><td>RP<\/td><td>819<\/td><td>OL<\/td><td>1009230389<\/td><td>19210<\/td><td>Panza de burro \/<\/td><\/tr><tr><td>N VEC cue<\/td><td>RP<\/td><td>819<\/td><td>OL<\/td><td>1009222326<\/td><td>19163<\/td><td>La cuenta atr\u00e1s para el verano : novela : La vida son recuer<\/td><\/tr><tr><td>N VER noa<\/td><td>PO<\/td><td>819<\/td><td>OL<\/td><td>1009378840<\/td><td>19596<\/td><td>No abras los ojos \/<\/td><\/tr><tr><td>N VES sor<\/td><td>M<\/td><td>819<\/td><td>OL<\/td><td>1009254775<\/td><td>19298<\/td><td>La sorprendente desaparici\u00f3n de Joyce Haney \/<\/td><\/tr><tr><td>N ZUE cir<\/td><td>HI<\/td><td>819<\/td><td>OL<\/td><td>1009236560<\/td><td>19252<\/td><td>El cirujano de almas \/<\/td><\/tr><tr><td><\/td><td><\/td><\/tr><tr><td><\/td><td><\/td><\/tr><\/tbody><\/table><\/figure>\n\n\n\n<p><\/p>\n","protected":false},"excerpt":{"rendered":"<p>Destacamos aqu\u00ed algunas de las novedades recibidas recientemente en nuestra biblioteca. 28\/06\/2022 LISTADO TOPOGR\u00c1FICO DE EJEMPLARES Signatura Sig. supl. Suc Loc C\u00f3d. Bar. N\u00ba Reg T\u00edtulo N ALL ine HI 819 OL 1009381665 19603 In\u00e9s del alma m\u00eda \/ N ALN sab ER 819 OL 1009236115 19243 El sabor de la miel \/ N ARA&#8230;<\/p>\n","protected":false},"author":1,"featured_media":0,"parent":0,"menu_order":0,"comment_status":"open","ping_status":"open","template":"","meta":{"footnotes":""},"class_list":["post-146","page","type-page","status-publish","hentry"],"_links":{"self":[{"href":"https:\/\/www.rmbs.es\/blog\/biblioteca-luis-cernuda\/index.php?rest_route=\/wp\/v2\/pages\/146","targetHints":{"allow":["GET"]}}],"collection":[{"href":"https:\/\/www.rmbs.es\/blog\/biblioteca-luis-cernuda\/index.php?rest_route=\/wp\/v2\/pages"}],"about":[{"href":"https:\/\/www.rmbs.es\/blog\/biblioteca-luis-cernuda\/index.php?rest_route=\/wp\/v2\/types\/page"}],"author":[{"embeddable":true,"href":"https:\/\/www.rmbs.es\/blog\/biblioteca-luis-cernuda\/index.php?rest_route=\/wp\/v2\/users\/1"}],"replies":[{"embeddable":true,"href":"https:\/\/www.rmbs.es\/blog\/biblioteca-luis-cernuda\/index.php?rest_route=%2Fwp%2Fv2%2Fcomments&post=146"}],"version-history":[{"count":45,"href":"https:\/\/www.rmbs.es\/blog\/biblioteca-luis-cernuda\/index.php?rest_route=\/wp\/v2\/pages\/146\/revisions"}],"predecessor-version":[{"id":3951,"href":"https:\/\/www.rmbs.es\/blog\/biblioteca-luis-cernuda\/index.php?rest_route=\/wp\/v2\/pages\/146\/revisions\/3951"}],"wp:attachment":[{"href":"https:\/\/www.rmbs.es\/blog\/biblioteca-luis-cernuda\/index.php?rest_route=%2Fwp%2Fv2%2Fmedia&parent=146"}],"curies":[{"name":"wp","href":"https:\/\/api.w.org\/{rel}","templated":true}]}}