{"id":901,"date":"2018-03-09T16:31:05","date_gmt":"2018-03-09T16:31:05","guid":{"rendered":"http:\/\/www.rmbs.es\/blog\/biblioteca-cerro-del-aguila\/?page_id=901"},"modified":"2018-03-09T16:31:05","modified_gmt":"2018-03-09T16:31:05","slug":"5-lectores-de-libros-electronicos","status":"publish","type":"page","link":"https:\/\/www.rmbs.es\/blog\/biblioteca-cerro-del-aguila\/?page_id=901","title":{"rendered":"5.- Lectores de libros electr\u00f3nicos."},"content":{"rendered":"<h1 class=\"page-header\"><\/h1>\n<div class=\"entry\">\n<p><a href=\"http:\/\/www.rmbs.es\/blog\/biblioteca-san-julian\/wp-content\/uploads\/2014\/10\/ebook-inves.jpg\"><img loading=\"lazy\" decoding=\"async\" class=\"size-full wp-image-2535 aligncenter\" src=\"http:\/\/www.rmbs.es\/blog\/biblioteca-san-julian\/wp-content\/uploads\/2014\/10\/ebook-inves.jpg\" alt=\"ebook-inves\" width=\"200\" height=\"153\" \/><\/a>La Red Municipal de Bibliotecas\u00a0 de Sevilla pone a disposici\u00f3n de los ciudadanos un cat\u00e1logo de <strong>2266<\/strong> t\u00edtulos de libros para descargar en dispositivos electr\u00f3nicos de manera gratuita. Para ello tan s\u00f3lo tienes que arrastrar el libro o libros que desees y \u00e9ste o \u00e9stos se descargaran en tu equipo en formato comprimido \u201czip\u201d.<\/p>\n<p>Puedes hacerlo a trav\u00e9s de <a href=\"http:\/\/rmbs.es\/catalogo.php\">esta p\u00e1gina<\/a><\/p>\n<p>&nbsp;<\/p>\n<p>CONDICIONES PARA EL PR\u00c9STAMO DE LECTORES DE LIBROS ELECTR\u00d3NICOS EN LA RED MUNICIPAL DE BIBLIOTECAS DE SEVILLA.<\/p>\n<h5>PERSONAS USUARIAS<\/h5>\n<ol type=\"1\">\n<li>Para hacer uso de este servicio ser\u00e1 necesario poseer en vigor el carn\u00e9\u00a0 de la Red de Bibliotecas P\u00fablicas de Andaluc\u00eda, y siempre que \u00e9ste no se encuentre bloqueado por incumplimiento de la normativa de pr\u00e9stamo.<\/li>\n<li>Los usuarios y las usuarias, para hacer uso de este servicio, deber\u00e1n aceptar y firmar la conformidad con el presente documento.<\/li>\n<li>Igualmente, aquellas personas interesadas deber\u00e1n tener 18 a\u00f1os cumplidos. En el caso de menores de esa edad, deber\u00e1n venir acompa\u00f1ados de uno de sus padres o tutores legales, que ser\u00e1n los encargados de firmar la conformidad con el presente documento.<\/li>\n<\/ol>\n<h5>CONDICIONES DE USO<\/h5>\n<ol type=\"1\">\n<li>Se prestar\u00e1 exclusivamente un lector de libros electr\u00f3nicos por persona que ir\u00e1 acompa\u00f1ado de una gu\u00eda r\u00e1pida de\u00a0 funcionamiento y del correspondiente cargador de la bater\u00eda.<\/li>\n<li>La persona que recibe el prestamo es totalmente responsable del equipo prestado, de su custodia y cuidado durante el pr\u00e9stamo.<\/li>\n<li>Cualquier anomal\u00eda o mal funcionamiento del lector de libros electr\u00f3nicos debe comunicarse inmediatamente al personal de la biblioteca.<\/li>\n<li>En caso de extrav\u00edo, destrucci\u00f3n o deterioro del lector la persona que recibe el prestamo deber\u00e1 proceder a su reposici\u00f3n por otro de similares caracter\u00edsticas.<\/li>\n<li>La persona que recibe el prestamo no podr\u00e1 manipular ni modificar las aplicaciones, el contenido y la configuraci\u00f3n del dispositivo prestado.<\/li>\n<li>En el momento de la devoluci\u00f3n, el lector deber\u00e1 estar encendido y con la bater\u00eda completamente cargada.<\/li>\n<\/ol>\n<h5>CONDICIONES DEL PR\u00c9STAMO<\/h5>\n<ol type=\"1\">\n<li>La persona usuaria solicitar\u00e1 el pr\u00e9stamo en el mostrador de pr\u00e9stamos de la biblioteca.<\/li>\n<li>La duraci\u00f3n del pr\u00e9stamo ser\u00e1 de 30 d\u00edas, sin posibilidad de renovaci\u00f3n.<\/li>\n<li>Se podr\u00e1n realizar reservas directamente en la biblioteca\u00a0 o bien a trav\u00e9s del tel\u00e9fono o del correo electr\u00f3nico. No podr\u00e1n realizarse reservas a trav\u00e9s del cat\u00e1logo de la biblioteca en Internet.<\/li>\n<li>La devoluci\u00f3n con retraso del lector de libros electr\u00f3nicos y sus accesorios ser\u00e1 penalizada con dos d\u00edas por cada d\u00eda de retraso.<\/li>\n<li>El personal de la biblioteca podr\u00e1 bloquear el carn\u00e9 de usuario de forma cautelar, desde el momento que se detecte el incumplimiento de las normas.<\/li>\n<\/ol>\n<p><strong>La biblioteca se reserva el derecho de emprender aquellas acciones que crea necesarias en caso de incumplimiento de esta normativa.<\/strong><\/p>\n<p>Puedes ver el listado \u00a0<a href=\"http:\/\/www.rmbs.es\/blog\/biblioteca-san-julian\/wp-content\/uploads\/2014\/10\/Libros-Electr%C3%B3nicos-de-la-RBMS.pdf\">Libros-Electr\u00f3nicos-de-la-RBMS<\/a><\/p>\n<\/div>\n","protected":false},"excerpt":{"rendered":"<p>La Red Municipal de Bibliotecas\u00a0 de Sevilla pone a disposici\u00f3n de los ciudadanos un cat\u00e1logo de 2266 t\u00edtulos de libros para descargar en dispositivos electr\u00f3nicos de manera gratuita. Para ello tan s\u00f3lo tienes que arrastrar el libro o libros que desees y \u00e9ste o \u00e9stos se descargaran en tu equipo en formato comprimido \u201czip\u201d. Puedes&#8230;<\/p>\n","protected":false},"author":1,"featured_media":0,"parent":0,"menu_order":0,"comment_status":"closed","ping_status":"closed","template":"","meta":{"footnotes":""},"_links":{"self":[{"href":"https:\/\/www.rmbs.es\/blog\/biblioteca-cerro-del-aguila\/index.php?rest_route=\/wp\/v2\/pages\/901"}],"collection":[{"href":"https:\/\/www.rmbs.es\/blog\/biblioteca-cerro-del-aguila\/index.php?rest_route=\/wp\/v2\/pages"}],"about":[{"href":"https:\/\/www.rmbs.es\/blog\/biblioteca-cerro-del-aguila\/index.php?rest_route=\/wp\/v2\/types\/page"}],"author":[{"embeddable":true,"href":"https:\/\/www.rmbs.es\/blog\/biblioteca-cerro-del-aguila\/index.php?rest_route=\/wp\/v2\/users\/1"}],"replies":[{"embeddable":true,"href":"https:\/\/www.rmbs.es\/blog\/biblioteca-cerro-del-aguila\/index.php?rest_route=%2Fwp%2Fv2%2Fcomments&post=901"}],"version-history":[{"count":1,"href":"https:\/\/www.rmbs.es\/blog\/biblioteca-cerro-del-aguila\/index.php?rest_route=\/wp\/v2\/pages\/901\/revisions"}],"predecessor-version":[{"id":902,"href":"https:\/\/www.rmbs.es\/blog\/biblioteca-cerro-del-aguila\/index.php?rest_route=\/wp\/v2\/pages\/901\/revisions\/902"}],"wp:attachment":[{"href":"https:\/\/www.rmbs.es\/blog\/biblioteca-cerro-del-aguila\/index.php?rest_route=%2Fwp%2Fv2%2Fmedia&parent=901"}],"curies":[{"name":"wp","href":"https:\/\/api.w.org\/{rel}","templated":true}]}}