{"id":898,"date":"2018-03-09T16:27:36","date_gmt":"2018-03-09T16:27:36","guid":{"rendered":"http:\/\/www.rmbs.es\/blog\/biblioteca-cerro-del-aguila\/?page_id=898"},"modified":"2018-03-09T16:27:36","modified_gmt":"2018-03-09T16:27:36","slug":"4-ebiblio-andalucia","status":"publish","type":"page","link":"https:\/\/www.rmbs.es\/blog\/biblioteca-cerro-del-aguila\/?page_id=898","title":{"rendered":"4.- eBiblio Andaluc\u00eda"},"content":{"rendered":"<p><a href=\"http:\/\/andalucia.ebiblio.es\/opac\/#indice\"><img loading=\"lazy\" decoding=\"async\" class=\"size-full wp-image-2553 aligncenter\" src=\"http:\/\/www.rmbs.es\/blog\/biblioteca-san-julian\/wp-content\/uploads\/2014\/10\/ebiblio.jpg\" alt=\"ebiblio\" width=\"207\" height=\"155\" \/><\/a><\/p>\n<p>Un servicio de pr\u00e9stamo online y gratuito de libros electr\u00f3nicos.<\/p>\n<p>La <a title=\"Red de Bibliotecas P\u00fablicas de Andaluc\u00eda\" href=\"http:\/\/www.juntadeandalucia.es\/culturaydeporte\/web\/areas\/biblioteca\/sites\/consejeria\/areas\/biblioteca\/estructura_sistema\" target=\"_self\">Red de Bibliotecas P\u00fablicas de Andaluc\u00eda<\/a> pone al servicio de la ciudadan\u00eda una plataforma tecnol\u00f3gica que le permite acceder al cat\u00e1logo y tomar en pr\u00e9stamo las principales novedades editoriales en formato digital para poderlas leer en diferentes dispositivos: tabletas, tel\u00e9fonos inteligentes, ordenadores personales o lectores de libros electr\u00f3nicos.<\/p>\n<p>Esta nueva plataforma se denomina eBiblio Andaluc\u00eda y es un servicio gratuito que hace posible la lectura de libros electr\u00f3nicos a trav\u00e9s de internet. Tambi\u00e9n se puede acceder a los libros prestados a trav\u00e9s de la app eBiblio Andaluc\u00eda, disponible para <a title=\"app eBiblio Andaluc\u00eda iOS(en nueva ventana) \" href=\"https:\/\/itunes.apple.com\/es\/app\/ebiblio-andalucia\/id899105604?mt=8\" target=\"_blank\">iOS <\/a>y <a title=\"app eBiblio Andaluc\u00eda Android(en nueva ventana) \" href=\"http:\/\/es.appszoom.com\/android-app\/ebiblio-andalucia-lokim.html\" target=\"_blank\">Android<\/a>.<\/p>\n<p>El servicio ha sido promovido por el Ministerio de Educaci\u00f3n, Cultura y Deporte con la colaboraci\u00f3n de la Consejer\u00eda de Educaci\u00f3n, Cultura y Deporte, Junta de Andaluc\u00eda y es gestionado por \u00e9sta.<\/p>\n<p><strong>\u00bfQui\u00e9n puede utilizar eBiblio? <\/strong><\/p>\n<p>Cualquier persona que disponga de la tarjeta de usuario de la Red de Bibliotecas P\u00fablicas de Andaluc\u00eda. Si no dispones de la tarjeta de usuario, puedes dirigirte a la biblioteca p\u00fablica m\u00e1s cercana que forme parte la RBPA y solicitarla.<\/p>\n<p>Para poder acceder a eBiblio deber\u00e1s haber proporcionado un correo electr\u00f3nico a tu biblioteca y ella te facilitar\u00e1 una clave o PIN que utilizar\u00e1s como contrase\u00f1a para acceder a la plataforma de libros electr\u00f3nicos.\u00a0 Se trata de la misma clave que se utiliza como persona usuaria identificada en el OPAC de la Red de Bibliotecas P\u00fablicas de Andaluc\u00eda.<\/p>\n<p>Se pueden tomar en pr\u00e9stamo un m\u00e1ximo de dos libros electr\u00f3nicos simult\u00e1neamente por un plazo de 21 d\u00edas y se puede reservar el mismo n\u00famero.<\/p>\n<p><strong>\u00bfQu\u00e9 libros puedo encontrar en eBiblio? <\/strong><\/p>\n<p>eBiblio ofrece la posibilidad de descargar legalmente y de leer obras de calidad, de edici\u00f3n reciente y de una tem\u00e1tica muy variada: ficci\u00f3n, obras de ciencia y tecnolog\u00eda, salud, autoayuda y desarrollo personal, literatura infantil y juvenil, viajes, ocio, m\u00fasica, deporte, inform\u00e1tica, historia, arte, etc.<\/p>\n<p>Tambi\u00e9n se ofrece una cuidada selecci\u00f3n de audiolibros, para personas aficionadas a esta modalidad de lectura o para aquellas otras que padecen dificultades visuales. Est\u00e1 muy extendida la edici\u00f3n de obras cl\u00e1sicas para escuchar, pero en este caso se trata adem\u00e1s de obras actuales, de novedades bibliogr\u00e1ficas descargables en formato .mp3.<\/p>\n<p>Existe un n\u00famero determinado de licencias para cada libro, lo que supone que un n\u00famero de lectores, 25 como media, puedan estar leyendo la misma obra simult\u00e1neamente, hasta un n\u00famero tambi\u00e9n aproximado de 29 pr\u00e9stamos por cada libro, 86 pr\u00e9stamos en el caso de las novedades. En resumen, centenares de miles de lecturas posibles en este soporte para los lectores de nuestra extensa Red de Bibliotecas, la mayor con diferencia entre el conjunto de comunidades aut\u00f3nomas, que se suman por supuesto a los m\u00e1s de diez millones de ejemplares existentes en soporte papel.<\/p>\n<p>Durante la primera quincena de septiembre se ha completado la primera carga de contenidos en eBiblio, por lo que las personas usuarias de la Red de Bibliotecas P\u00fablicas de Andaluc\u00eda ya tienen a su disposici\u00f3n 1.064 obras actuales para su descarga y lectura en los distintos dispositivos electr\u00f3nicos. Nuestra comunidad ha sido de las primeras en tener plenamente operativo el servicio, junto con Navarra, Castilla y Le\u00f3n y la ciudad de Ceuta.<\/p>\n<p><a href=\"http:\/\/www.rmbs.es\/blog\/biblioteca-parque-alcosa\/wp-content\/uploads\/2014\/09\/MANUAL-EBIBLIO.pdf\">Manual Ebiblio<\/a><\/p>\n<p><strong>Video tutoriales:<\/strong><\/p>\n<p><a href=\"https:\/\/www.youtube.com\/watch?v=uzeo0SUrgOI&amp;list=UUd_-HXFnM3oBE-pl7MdIrjA\" target=\"_blank\">C\u00f3mo conectarse, prestar y leer libros electr\u00f3nicos en eBiblio Andaluc\u00eda:<\/a> Video explicativo sobre la plataforma de pr\u00e9stamo online de libros electr\u00f3nicos <a href=\"http:\/\/andalucia.ebiblio.es\/\" target=\"_blank\">http:\/\/andalucia.ebiblio.es\/<\/a> . Proceso de conexi\u00f3n, pr\u00e9stamo y lectura de libros electr\u00f3nicos. (Biblioteca P\u00fablica Provincial de Huelva)<\/p>\n<p><a href=\"https:\/\/www.youtube.com\/watch?v=pjdSTzR7CO8&amp;list=UUd_-HXFnM3oBE-pl7MdIrjA\" target=\"_blank\">Descarga y Transferencia de libros electr\u00f3nicos en eReaders:<\/a> Explica c\u00f3mo crear una cuenta Adobe Id y descargar e instalar la aplicacion Adobe Digital Editions en nuestro ordenador para hacer posible la descarga y transferencia de libros electr\u00f3nicos protegidos por DRM en Dispositivos de Lectura tipo eReader. (Biblioteca P\u00fablica Provincial de Huelva)<\/p>\n<p><a href=\"http:\/\/www.rmbs.es\/blog\/biblioteca-julia-uceda\/wp-content\/uploads\/2014\/09\/Triptico-eBiblio-Andalucia1.pdf\">Folleto informativo enriquecido con c\u00f3digos QR.<\/a><\/p>\n","protected":false},"excerpt":{"rendered":"<p>Un servicio de pr\u00e9stamo online y gratuito de libros electr\u00f3nicos. La Red de Bibliotecas P\u00fablicas de Andaluc\u00eda pone al servicio de la ciudadan\u00eda una plataforma tecnol\u00f3gica que le permite acceder al cat\u00e1logo y tomar en pr\u00e9stamo las principales novedades editoriales en formato digital para poderlas leer en diferentes dispositivos: tabletas, tel\u00e9fonos inteligentes, ordenadores personales o&#8230;<\/p>\n","protected":false},"author":1,"featured_media":0,"parent":0,"menu_order":0,"comment_status":"closed","ping_status":"closed","template":"","meta":{"footnotes":""},"_links":{"self":[{"href":"https:\/\/www.rmbs.es\/blog\/biblioteca-cerro-del-aguila\/index.php?rest_route=\/wp\/v2\/pages\/898"}],"collection":[{"href":"https:\/\/www.rmbs.es\/blog\/biblioteca-cerro-del-aguila\/index.php?rest_route=\/wp\/v2\/pages"}],"about":[{"href":"https:\/\/www.rmbs.es\/blog\/biblioteca-cerro-del-aguila\/index.php?rest_route=\/wp\/v2\/types\/page"}],"author":[{"embeddable":true,"href":"https:\/\/www.rmbs.es\/blog\/biblioteca-cerro-del-aguila\/index.php?rest_route=\/wp\/v2\/users\/1"}],"replies":[{"embeddable":true,"href":"https:\/\/www.rmbs.es\/blog\/biblioteca-cerro-del-aguila\/index.php?rest_route=%2Fwp%2Fv2%2Fcomments&post=898"}],"version-history":[{"count":1,"href":"https:\/\/www.rmbs.es\/blog\/biblioteca-cerro-del-aguila\/index.php?rest_route=\/wp\/v2\/pages\/898\/revisions"}],"predecessor-version":[{"id":900,"href":"https:\/\/www.rmbs.es\/blog\/biblioteca-cerro-del-aguila\/index.php?rest_route=\/wp\/v2\/pages\/898\/revisions\/900"}],"wp:attachment":[{"href":"https:\/\/www.rmbs.es\/blog\/biblioteca-cerro-del-aguila\/index.php?rest_route=%2Fwp%2Fv2%2Fmedia&parent=898"}],"curies":[{"name":"wp","href":"https:\/\/api.w.org\/{rel}","templated":true}]}}