{"id":890,"date":"2018-03-09T16:18:57","date_gmt":"2018-03-09T16:18:57","guid":{"rendered":"http:\/\/www.rmbs.es\/blog\/biblioteca-cerro-del-aguila\/?page_id=890"},"modified":"2018-03-09T17:54:56","modified_gmt":"2018-03-09T17:54:56","slug":"2-servicios-que-prestamos","status":"publish","type":"page","link":"https:\/\/www.rmbs.es\/blog\/biblioteca-cerro-del-aguila\/?page_id=890","title":{"rendered":"2.- Servicios que prestamos"},"content":{"rendered":"<p><strong><em>Consulta\u00a0y\u00a0lectura\u00a0en\u00a0sala\u00a0<\/em><\/strong><\/p>\n<p>Dentro de la sala los usuarios pueden consultar cualquier documento que forme parte del fondo: peri\u00f3dicos, libros, revistas o audiovisuales\u00a0sin necesidad de hacer un pr\u00e9stamo domiciliario.<\/p>\n<p><em><strong>Informaci\u00f3n bibliogr\u00e1fica y documental<\/strong><\/em><\/p>\n<p>Atenci\u00f3n personalizada a los usuarios a trav\u00e9s de la consulta al \u00a0<em><a href=\"https:\/\/www.juntadeandalucia.es\/culturaydeporte\/rbpa\">Cat\u00e1logo de la Red de Bibliotecas P\u00fablicas de Andaluc\u00eda\u00a0<\/a>\u00a0 <\/em>y del personal bibliotecario. Orientaci\u00f3n, localizaci\u00f3n, b\u00fasquedas, sugerencias, etc\u2026 Se atienden\u00a0directamente en la biblioteca,\u00a0 por e-mail o a trav\u00e9s del blog.<\/p>\n<p><em><strong>Pr\u00e9stamo a domicilio<\/strong><\/em><\/p>\n<p>Presentando el carn\u00e9 de biblioteca, podr\u00e1 llevarse a casa\u00a0hasta <strong>7 documentos (4 documentos librarios y 3 documentos no librarios como m\u00e1ximo)<\/strong>. Los libros se prestan 15 d\u00edas con derecho a renovarlos otros 10 d\u00edas m\u00e1s (siempre que esos libros no est\u00e9n reservados por otro lector). Los audiovisuales se prestan\u00a0siete d\u00edas, sin posibilidad de renovaci\u00f3n.<\/p>\n<p>Las <strong>renovaciones<\/strong> pueden realizarse\u00a0de\u00a0forma presencial, \u00a0llamando por tel\u00e9fono a la biblioteca en horario de atenci\u00f3n al p\u00fablico\u00a0o por Internet entrando\u00a0en el Cat\u00e1logo de\u00a0Bibliotecas P\u00fablicas de Andalucia.<\/p>\n<div>Para hacer la renovaci\u00f3n deben cumplirse las siguientes condiciones:<\/div>\n<div>\u00b7\u00a0\u00a0\u00a0\u00a0\u00a0\u00a0 Que el lector no est\u00e9 suspendido<\/div>\n<div>\u00b7\u00a0\u00a0\u00a0\u00a0\u00a0\u00a0 Que el documento no est\u00e9 reservado<\/div>\n<div>\u00b7\u00a0\u00a0\u00a0\u00a0\u00a0\u00a0 Que el pr\u00e9stamo no est\u00e9 sobrepasado<\/div>\n<div>\n<div><\/div>\n<div>Para hacer la renovaci\u00f3n por Internet, con\u00e9ctese al Cat\u00e1logo de la Red de Bibliotecas P\u00fablicas de Andaluc\u00eda<\/div>\n<div>\u00b7\u00a0\u00a0\u00a0\u00a0\u00a0\u00a0 Introduzca su n\u00famero de carn\u00e9<\/div>\n<div>\u00b7\u00a0\u00a0\u00a0\u00a0\u00a0\u00a0 Introduzca su contrase\u00f1a: si desconoce la contrase\u00f1a solic\u00edtela al personal de la biblioteca<\/div>\n<div>\u00b7\u00a0\u00a0\u00a0\u00a0\u00a0\u00a0 Acceda a la pesta\u00f1a de pr\u00e9stamos<\/div>\n<div>\u00b7\u00a0\u00a0\u00a0\u00a0\u00a0\u00a0 Active el bot\u00f3n renovar, nos dar\u00e1 la nueva fecha de devoluci\u00f3n<\/div>\n<\/div>\n<p>Las <strong>reservas<\/strong> podr\u00e1n hacerse siempre que el libro est\u00e9 <strong>prestado<\/strong> y\u00a0a trav\u00e9s del\u00a0tel\u00e9fono, presencialmente o\u00a0por Internet. Pueden realizarse hasta dos reservas por persona. Una vez que el libro reservado sea devuelto, el personal de la biblioteca le avisar\u00e1 por tel\u00e9fono o por correo electr\u00f3nico, teniendo un plazo de <b>dos d\u00edas para recoger<\/b> el libro.\u00a0 Si quiere hacer la reserva por Internet, debe\u00a0acceder al Cat\u00e1logo de la Red de Bibliotecas P\u00fablicas de Andaluc\u00eda<\/p>\n<div>\u00b7\u00a0\u00a0\u00a0\u00a0\u00a0\u00a0\u00a0\u00a0\u00a0\u00a0 Introduzca su n\u00famero de carn\u00e9<\/div>\n<div>\u00b7\u00a0\u00a0\u00a0\u00a0\u00a0\u00a0\u00a0\u00a0\u00a0\u00a0 Introduzca su contrase\u00f1a: si la desconoce solic\u00edtela al personal de la biblioteca<\/div>\n<div>\u00b7\u00a0\u00a0\u00a0\u00a0\u00a0\u00a0\u00a0\u00a0\u00a0\u00a0 Busque en el cat\u00e1logo el ejemplar que le interese<\/div>\n<div>\u00b7\u00a0\u00a0\u00a0\u00a0\u00a0\u00a0\u00a0\u00a0\u00a0\u00a0 Compruebe que est\u00e1 prestado y que es un ejemplar nuestra biblioteca<\/div>\n<div>\u00b7\u00a0\u00a0\u00a0\u00a0\u00a0\u00a0\u00a0\u00a0\u00a0\u00a0 Pinche en el recuadro <b><i>reservar<\/i><\/b><\/div>\n<div>\u00b7\u00a0\u00a0\u00a0\u00a0\u00a0\u00a0\u00a0\u00a0\u00a0\u00a0 Rellene el recuadro <b><i>solicitar<\/i><\/b> y pinche en <b><i> aceptar<\/i><\/b><\/div>\n<div>\u00b7\u00a0\u00a0\u00a0\u00a0\u00a0\u00a0\u00a0\u00a0\u00a0\u00a0 Saldr\u00e1 un mensaje de reserva confirmada<\/div>\n<div>Si un libro est\u00e1 reservado, no se permitir\u00e1 la renovaci\u00f3n.<\/div>\n<p><strong><em>Pr\u00e9stamo Interbibliotecario<\/em><\/strong><\/p>\n<p>El usuario\u00a0 interesado en consultar\u00a0un documento\u00a0que no\u00a0 se encuentre en nuestra biblioteca pero que est\u00e9 disponible en\u00a0cualquiera de las que forman parte de la\u00a0Red de Bibliotecas\u00a0P\u00fablicas de Andaluc\u00eda, podr\u00e1 solicitarlo a nuestro personal. Se facilita as\u00ed\u00a0el acceso a recursos bibliogr\u00e1ficos existentes en otras bibliotecas, siempre dichas bibliotecas no tengan el servicio de Pr\u00e9stamo interbibliotecario interrumpido.<\/p>\n<p><em><strong>Servicios en l\u00ednea<\/strong><\/em><\/p>\n<p>A trav\u00e9s de la p\u00e1gina com\u00fan de nuestra red podr\u00e1<a href=\"http:\/\/www.rmbs.es\/solicitud.php\"> solicitar el carnet de la biblioteca<\/a>\u00a0y realizar <a href=\"http:\/\/www.rmbs.es\/desideratas.php\">sugerencias de compra <\/a>(desideratas)<\/p>\n<p><em><strong>Actividades culturales<\/strong><\/em><\/p>\n<p>La biblioteca en convivencia con el barrio y en su tarea como motor cultural, realiza actividades culturales de animaci\u00f3n a la lectura invitando a veces\u00a0 a centros docentes y a veces tambi\u00e9n al p\u00fablico en general. Estas actividades se suspenden en periodos vacacionales. Para ver m\u00e1s informaci\u00f3n pinche <a href=\"http:\/\/www.rmbs.es\/blog\/biblioteca-cerro-del-aguila\/?page_id=894\">http:\/\/www.rmbs.es\/blog\/biblioteca-cerro-del-aguila\/?page_id=894<\/a><\/p>\n<p><em><strong>Acceso a Internet<\/strong><\/em><\/p>\n<div>\n<p align=\"justify\">Normalmente el servicio dispone de 5 ordenadores de uso p\u00fablico. Los menores de 14 a\u00f1os deber\u00e1n venir acompa\u00f1ados de una persona mayor de edad. El personal de la Biblioteca podr\u00e1 solicitar que se acredite con el DNI para comprobar la edad del usuario. El tiempo m\u00e1ximo para la utilizaci\u00f3n de este servicio ser\u00e1 de 1 hora al d\u00eda para cada usuario<strong>.<\/strong> En el caso de haber ordenadores libres podr\u00e1n usarse m\u00e1s tiempo previa consulta al bibliotecario. No se reservar\u00e1n los puestos, y en caso de espera se asignar\u00e1n los ordenadores por orden de llegada, para lo que se habilitar\u00e1 un listado donde inscribirse.<\/p>\n<p align=\"justify\"><em><strong>Zona WIFI:<\/strong><\/em><\/p>\n<p align=\"justify\">Cualquier usuario podr\u00e1 conectarse desde nuestra red con\u00a0 su equipo personal: port\u00e1til, PDA, m\u00f3vil, etc..\u00a0Disponemos\u00a0de\u00a0mesas con las infraestructuras necesarias.<\/p>\n<p align=\"justify\"><strong><em>Formaci\u00f3n de usuarios<\/em><\/strong><\/p>\n<p align=\"justify\">Servicio permanente denominado <em>Descubre tu Biblioteca <\/em>destinado a grupos escolares, entidades, asociaciones, p\u00fablico en general, etc.\u00a0 Sesiones concertadas los viernes a las 9\u201930. Adem\u00e1s, durante el tiempo de apertura de la biblioteca, el personal bibliotecario estar\u00e1 disponible para cualquier duda, orientaci\u00f3n, informaci\u00f3n, etc. que el usuario necesite.<\/p>\n<p><em><strong>Sala de estudio<\/strong><\/em><\/p>\n<p>Espacio con 92\u00a0puestos de lectura distribuidos entre la sala infantil y la sala de adultos en el que el usuario puede estudiar, consultar documentos de la biblioteca, conectarse a Internet, etc.<\/p>\n<\/div>\n","protected":false},"excerpt":{"rendered":"<p>Consulta\u00a0y\u00a0lectura\u00a0en\u00a0sala\u00a0 Dentro de la sala los usuarios pueden consultar cualquier documento que forme parte del fondo: peri\u00f3dicos, libros, revistas o audiovisuales\u00a0sin necesidad de hacer un pr\u00e9stamo domiciliario. Informaci\u00f3n bibliogr\u00e1fica y documental Atenci\u00f3n personalizada a los usuarios a trav\u00e9s de la consulta al \u00a0Cat\u00e1logo de la Red de Bibliotecas P\u00fablicas de Andaluc\u00eda\u00a0\u00a0 y del personal bibliotecario&#8230;.<\/p>\n","protected":false},"author":1,"featured_media":0,"parent":0,"menu_order":0,"comment_status":"closed","ping_status":"closed","template":"","meta":{"footnotes":""},"_links":{"self":[{"href":"https:\/\/www.rmbs.es\/blog\/biblioteca-cerro-del-aguila\/index.php?rest_route=\/wp\/v2\/pages\/890"}],"collection":[{"href":"https:\/\/www.rmbs.es\/blog\/biblioteca-cerro-del-aguila\/index.php?rest_route=\/wp\/v2\/pages"}],"about":[{"href":"https:\/\/www.rmbs.es\/blog\/biblioteca-cerro-del-aguila\/index.php?rest_route=\/wp\/v2\/types\/page"}],"author":[{"embeddable":true,"href":"https:\/\/www.rmbs.es\/blog\/biblioteca-cerro-del-aguila\/index.php?rest_route=\/wp\/v2\/users\/1"}],"replies":[{"embeddable":true,"href":"https:\/\/www.rmbs.es\/blog\/biblioteca-cerro-del-aguila\/index.php?rest_route=%2Fwp%2Fv2%2Fcomments&post=890"}],"version-history":[{"count":6,"href":"https:\/\/www.rmbs.es\/blog\/biblioteca-cerro-del-aguila\/index.php?rest_route=\/wp\/v2\/pages\/890\/revisions"}],"predecessor-version":[{"id":918,"href":"https:\/\/www.rmbs.es\/blog\/biblioteca-cerro-del-aguila\/index.php?rest_route=\/wp\/v2\/pages\/890\/revisions\/918"}],"wp:attachment":[{"href":"https:\/\/www.rmbs.es\/blog\/biblioteca-cerro-del-aguila\/index.php?rest_route=%2Fwp%2Fv2%2Fmedia&parent=890"}],"curies":[{"name":"wp","href":"https:\/\/api.w.org\/{rel}","templated":true}]}}