{"id":153,"date":"2010-06-14T20:56:15","date_gmt":"2010-06-14T20:56:15","guid":{"rendered":"http:\/\/www.rmbs.es\/blog\/12\/?page_id=153"},"modified":"2026-04-15T10:07:27","modified_gmt":"2026-04-15T10:07:27","slug":"novedades","status":"publish","type":"page","link":"http:\/\/www.rmbs.es\/blog\/biblioteca-torreblanca\/novedades\/","title":{"rendered":"Novedades y \u00daltimas Adquisiciones"},"content":{"rendered":"<p style=\"text-align: justify;\">En esta secci\u00f3n podr\u00e1s encontrar las \u00faltimas adquisiciones y novedades editoriales que la Biblioteca Torreblanca va ingresando en su colecci\u00f3n.<\/p>\n<p><a href=\"https:\/\/www.rmbs.es\/blog\/biblioteca-torreblanca\/wp-content\/uploads\/2026\/04\/AbsNet6-3.pdf\" target=\"_blank\" rel=\"noopener\">Marzo 2026. Obras Literarias<\/a><\/p>\n<p><a href=\"https:\/\/www.rmbs.es\/blog\/biblioteca-torreblanca\/wp-content\/uploads\/2026\/04\/AbsNet1-38.pdf\" target=\"_blank\" rel=\"noopener\">Marzo 2026. C\u00f3mic<\/a><\/p>\n<p><a href=\"https:\/\/www.rmbs.es\/blog\/biblioteca-torreblanca\/wp-content\/uploads\/2026\/04\/AbsNet4-10.pdf\" target=\"_blank\" rel=\"noopener\">Marzo 2026. Obras Juveniles<\/a><\/p>\n<p><a href=\"https:\/\/www.rmbs.es\/blog\/biblioteca-torreblanca\/wp-content\/uploads\/2026\/04\/AbsNet3-11.pdf\" target=\"_blank\" rel=\"noopener\">Marzo 2026. Obras Infantiles<\/a><\/p>\n<hr \/>\n<p><a href=\"https:\/\/www.rmbs.es\/blog\/biblioteca-torreblanca\/wp-content\/uploads\/2026\/03\/ene-ol.pdf\" target=\"_blank\" rel=\"noopener\">Enero-Febrero 2026. Obras Literarias<\/a><\/p>\n<p><a href=\"https:\/\/www.rmbs.es\/blog\/biblioteca-torreblanca\/wp-content\/uploads\/2026\/03\/ene-cdu.pdf\" target=\"_blank\" rel=\"noopener\">Enero-Febrero 2026. Obras Tem\u00e1ticas<\/a><\/p>\n<p><a href=\"https:\/\/www.rmbs.es\/blog\/biblioteca-torreblanca\/wp-content\/uploads\/2026\/03\/ene-co.pdf\" target=\"_blank\" rel=\"noopener\">Enero-Febrero 2026. C\u00f3mic<\/a><\/p>\n<p><a href=\"https:\/\/www.rmbs.es\/blog\/biblioteca-torreblanca\/wp-content\/uploads\/2026\/03\/ene-juv.pdf\" target=\"_blank\" rel=\"noopener\">Enero-Febrero 2026. Obras Juveniles<\/a><\/p>\n<p><a href=\"https:\/\/www.rmbs.es\/blog\/biblioteca-torreblanca\/wp-content\/uploads\/2026\/03\/ene-inf.pdf\" target=\"_blank\" rel=\"noopener\">Enero-Febrero 2026. Obras Infantiles<\/a><\/p>\n<hr \/>\n<p><a href=\"https:\/\/www.rmbs.es\/blog\/biblioteca-torreblanca\/wp-content\/uploads\/2026\/01\/AbsNet8-2.pdf\" target=\"_blank\" rel=\"noopener\">Noviembre-Diciembre 2025. Obras Literarias<\/a><\/p>\n<p><a href=\"https:\/\/www.rmbs.es\/blog\/biblioteca-torreblanca\/wp-content\/uploads\/2026\/01\/AbsNet9-2.pdf\" target=\"_blank\" rel=\"noopener\">Noviembre-Diciembre 2025. Obras Tem\u00e1ticas<\/a><\/p>\n<p><a href=\"https:\/\/www.rmbs.es\/blog\/biblioteca-torreblanca\/wp-content\/uploads\/2026\/01\/AbsNet3-11.pdf\" target=\"_blank\" rel=\"noopener\">Noviembre-Diciembre 2025. C\u00f3mic<\/a><\/p>\n<p><a href=\"https:\/\/www.rmbs.es\/blog\/biblioteca-torreblanca\/wp-content\/uploads\/2026\/01\/AbsNet5-7.pdf\" target=\"_blank\" rel=\"noopener\">Noviembre-Diciembre 2025. Obras Juveniles<\/a><\/p>\n<p><a href=\"https:\/\/www.rmbs.es\/blog\/biblioteca-torreblanca\/wp-content\/uploads\/2026\/01\/AbsNet10-1.pdf\" target=\"_blank\" rel=\"noopener\">Noviembre-Diciembre 2025. Obras Infantiles<\/a><\/p>\n<hr \/>\n<p><a href=\"https:\/\/www.rmbs.es\/blog\/biblioteca-torreblanca\/wp-content\/uploads\/2025\/11\/oct-ol.pdf\" target=\"_blank\" rel=\"noopener\">Octubre 2025. Obras Literarias<\/a><\/p>\n<p><a href=\"https:\/\/www.rmbs.es\/blog\/biblioteca-torreblanca\/wp-content\/uploads\/2025\/11\/oct-juv.pdf\" target=\"_blank\" rel=\"noopener\">Octubre 2025. Obras Juveniles<\/a><\/p>\n<p><a href=\"https:\/\/www.rmbs.es\/blog\/biblioteca-torreblanca\/wp-content\/uploads\/2025\/11\/oct-inf.pdf\" target=\"_blank\" rel=\"noopener\">Octubre 2025. Obras Infantiles<\/a><\/p>\n<hr \/>\n<p><a href=\"https:\/\/www.rmbs.es\/blog\/biblioteca-torreblanca\/wp-content\/uploads\/2025\/10\/agosto-ol.pdf\" target=\"_blank\" rel=\"noopener\">Agosto-Septiembre 2025. Obras Literarias<\/a><\/p>\n<p><a href=\"https:\/\/www.rmbs.es\/blog\/biblioteca-torreblanca\/wp-content\/uploads\/2025\/10\/agosto-pre.pdf\" target=\"_blank\" rel=\"noopener\">Agosto-Septiembre 2025. Obras Tem\u00e1ticas<\/a><\/p>\n<p><a href=\"https:\/\/www.rmbs.es\/blog\/biblioteca-torreblanca\/wp-content\/uploads\/2025\/10\/agosto-co.pdf\" target=\"_blank\" rel=\"noopener\">Agosto-Septiembre 2025. C\u00f3mic<\/a><\/p>\n<p><a href=\"https:\/\/www.rmbs.es\/blog\/biblioteca-torreblanca\/wp-content\/uploads\/2025\/10\/agosto-juv.pdf\" target=\"_blank\" rel=\"noopener\">Agosto-Septiembre 2025. Obras Juveniles<\/a><\/p>\n<p><a href=\"https:\/\/www.rmbs.es\/blog\/biblioteca-torreblanca\/wp-content\/uploads\/2025\/10\/agosto-inf.pdf\" target=\"_blank\" rel=\"noopener\">Agosto-Septiembre 2025. Obras Infantiles<\/a><\/p>\n<hr \/>\n<p><a href=\"https:\/\/www.rmbs.es\/blog\/biblioteca-torreblanca\/wp-content\/uploads\/2025\/07\/MAYO-JULIO-OL.pdf\" target=\"_blank\" rel=\"noopener\">Mayo-Julio 2025. Obras Literarias<\/a><\/p>\n<p><a href=\"https:\/\/www.rmbs.es\/blog\/biblioteca-torreblanca\/wp-content\/uploads\/2025\/07\/MAYO-JULIO-PRE.pdf\" target=\"_blank\" rel=\"noopener\">Mayo-Julio 2025. Obras Tem\u00e1ticas<\/a><\/p>\n<p><a href=\"https:\/\/www.rmbs.es\/blog\/biblioteca-torreblanca\/wp-content\/uploads\/2025\/07\/MAYO-JULIO-CO.pdf\" target=\"_blank\" rel=\"noopener\">Mayo-Julio 2025. C\u00f3mic<\/a><\/p>\n<p><a href=\"https:\/\/www.rmbs.es\/blog\/biblioteca-torreblanca\/wp-content\/uploads\/2025\/07\/MAYO-JULIO-J.pdf\" target=\"_blank\" rel=\"noopener\">Mayo-Julio 2025. Obras Juveniles<\/a><\/p>\n<p><a href=\"https:\/\/www.rmbs.es\/blog\/biblioteca-torreblanca\/wp-content\/uploads\/2025\/07\/MAYO-JULIO-I.pdf\" target=\"_blank\" rel=\"noopener\">Mayo-Julio 2025. Obras Infantiles<\/a><\/p>\n<hr \/>\n<p><a href=\"https:\/\/www.rmbs.es\/blog\/biblioteca-torreblanca\/wp-content\/uploads\/2025\/05\/mayo-narrativa.pdf\" target=\"_blank\" rel=\"noopener\">Abril 2025. Obras Literarias<\/a><\/p>\n<p><a href=\"https:\/\/www.rmbs.es\/blog\/biblioteca-torreblanca\/wp-content\/uploads\/2025\/05\/mayo-pre.pdf\" target=\"_blank\" rel=\"noopener\">Abril 2025. Obras Tem\u00e1ticas<\/a><\/p>\n<p><a href=\"https:\/\/www.rmbs.es\/blog\/biblioteca-torreblanca\/wp-content\/uploads\/2025\/05\/mayo-juv.pdf\" target=\"_blank\" rel=\"noopener\">Abril 2025. Obras Juveniles<\/a><\/p>\n<p><a href=\"https:\/\/www.rmbs.es\/blog\/biblioteca-torreblanca\/wp-content\/uploads\/2025\/05\/mayo-inf.pdf\" target=\"_blank\" rel=\"noopener\">Abril 2025. Obras Infantiles<\/a><\/p>\n<hr \/>\n<p><a href=\"https:\/\/www.rmbs.es\/blog\/biblioteca-torreblanca\/wp-content\/uploads\/2025\/04\/marzo-ol.pdf\" target=\"_blank\" rel=\"noopener\">Marzo 2025. Obras Literarias<\/a><\/p>\n<p><a href=\"https:\/\/www.rmbs.es\/blog\/biblioteca-torreblanca\/wp-content\/uploads\/2025\/04\/marzo-cdu.pdf\" target=\"_blank\" rel=\"noopener\">Marzo 2025. Obras Tem\u00e1ticas<\/a><\/p>\n<p><a href=\"https:\/\/www.rmbs.es\/blog\/biblioteca-torreblanca\/wp-content\/uploads\/2025\/04\/marzo-j.pdf\" target=\"_blank\" rel=\"noopener\">Marzo 2025. Obras Juveniles<\/a><\/p>\n<p><a href=\"https:\/\/www.rmbs.es\/blog\/biblioteca-torreblanca\/wp-content\/uploads\/2025\/04\/marzo-i.pdf\" target=\"_blank\" rel=\"noopener\">Marzo 2025. Obras Infantiles<\/a><\/p>\n<hr \/>\n<p><a href=\"https:\/\/www.rmbs.es\/blog\/biblioteca-torreblanca\/wp-content\/uploads\/2025\/03\/AbsNet2-5.pdf\" target=\"_blank\" rel=\"noopener\">Febrero 2025. Obras Literarias<\/a><\/p>\n<p><a href=\"https:\/\/www.rmbs.es\/blog\/biblioteca-torreblanca\/wp-content\/uploads\/2025\/03\/AbsNet5.pdf\" target=\"_blank\" rel=\"noopener\">Febrero 2025. Obras Tem\u00e1ticas<\/a><\/p>\n<p><a href=\"https:\/\/www.rmbs.es\/blog\/biblioteca-torreblanca\/wp-content\/uploads\/2025\/03\/AbsNet4-1.pdf\" target=\"_blank\" rel=\"noopener\">Febrero 2025. Obras Juveniles<\/a><\/p>\n<p><a href=\"https:\/\/www.rmbs.es\/blog\/biblioteca-torreblanca\/wp-content\/uploads\/2025\/03\/AbsNet3-1.pdf\" target=\"_blank\" rel=\"noopener\">Febrero 2025. Obras Infantiles<\/a><\/p>\n<p style=\"text-align: justify;\">\u00a0<\/p>\n\n\n<p><\/p>\n","protected":false},"excerpt":{"rendered":"<p>En esta secci\u00f3n podr\u00e1s encontrar las \u00faltimas adquisiciones y novedades editoriales que la Biblioteca Torreblanca va ingresando en su colecci\u00f3n. Marzo 2026. Obras Literarias Marzo 2026. C\u00f3mic Marzo 2026. Obras Juveniles Marzo 2026. Obras Infantiles Enero-Febrero 2026. Obras Literarias Enero-Febrero 2026. Obras Tem\u00e1ticas Enero-Febrero 2026. C\u00f3mic Enero-Febrero 2026. Obras Juveniles Enero-Febrero 2026. Obras Infantiles Noviembre-Diciembre&#8230;<\/p>\n","protected":false},"author":1,"featured_media":0,"parent":0,"menu_order":3,"comment_status":"closed","ping_status":"closed","template":"","meta":{"footnotes":""},"class_list":["post-153","page","type-page","status-publish","hentry"],"_links":{"self":[{"href":"http:\/\/www.rmbs.es\/blog\/biblioteca-torreblanca\/wp-json\/wp\/v2\/pages\/153","targetHints":{"allow":["GET"]}}],"collection":[{"href":"http:\/\/www.rmbs.es\/blog\/biblioteca-torreblanca\/wp-json\/wp\/v2\/pages"}],"about":[{"href":"http:\/\/www.rmbs.es\/blog\/biblioteca-torreblanca\/wp-json\/wp\/v2\/types\/page"}],"author":[{"embeddable":true,"href":"http:\/\/www.rmbs.es\/blog\/biblioteca-torreblanca\/wp-json\/wp\/v2\/users\/1"}],"replies":[{"embeddable":true,"href":"http:\/\/www.rmbs.es\/blog\/biblioteca-torreblanca\/wp-json\/wp\/v2\/comments?post=153"}],"version-history":[{"count":132,"href":"http:\/\/www.rmbs.es\/blog\/biblioteca-torreblanca\/wp-json\/wp\/v2\/pages\/153\/revisions"}],"predecessor-version":[{"id":9776,"href":"http:\/\/www.rmbs.es\/blog\/biblioteca-torreblanca\/wp-json\/wp\/v2\/pages\/153\/revisions\/9776"}],"wp:attachment":[{"href":"http:\/\/www.rmbs.es\/blog\/biblioteca-torreblanca\/wp-json\/wp\/v2\/media?parent=153"}],"curies":[{"name":"wp","href":"https:\/\/api.w.org\/{rel}","templated":true}]}}