{"id":495,"date":"2010-10-22T16:28:28","date_gmt":"2010-10-22T16:28:28","guid":{"rendered":"http:\/\/www.rmbs.es\/blog\/biblioteca-san-julian\/?page_id=495"},"modified":"2024-11-14T12:46:30","modified_gmt":"2024-11-14T11:46:30","slug":"premios-literarios","status":"publish","type":"page","link":"http:\/\/www.rmbs.es\/blog\/biblioteca-san-julian\/premios-literarios\/","title":{"rendered":"Premios literarios"},"content":{"rendered":"\n<figure class=\"wp-block-image size-large is-resized\"><img loading=\"lazy\" src=\"http:\/\/www.rmbs.es\/blog\/biblioteca-san-julian\/wp-content\/uploads\/2021\/01\/premios2.jpg\" alt=\"\" class=\"wp-image-5700\" width=\"579\" height=\"254\" srcset=\"http:\/\/www.rmbs.es\/blog\/biblioteca-san-julian\/wp-content\/uploads\/2021\/01\/premios2.jpg 338w, http:\/\/www.rmbs.es\/blog\/biblioteca-san-julian\/wp-content\/uploads\/2021\/01\/premios2-300x132.jpg 300w, http:\/\/www.rmbs.es\/blog\/biblioteca-san-julian\/wp-content\/uploads\/2021\/01\/premios2-150x66.jpg 150w, http:\/\/www.rmbs.es\/blog\/biblioteca-san-julian\/wp-content\/uploads\/2021\/01\/premios2-24x11.jpg 24w, http:\/\/www.rmbs.es\/blog\/biblioteca-san-julian\/wp-content\/uploads\/2021\/01\/premios2-36x16.jpg 36w, http:\/\/www.rmbs.es\/blog\/biblioteca-san-julian\/wp-content\/uploads\/2021\/01\/premios2-48x21.jpg 48w\" sizes=\"(max-width: 579px) 100vw, 579px\" \/><\/figure>\n\n\n\n<div class=\"wp-block-group\"><div class=\"wp-block-group__inner-container\">\n<p style=\"text-align: justify;\">\u00a0<\/p>\n<h2>\u00a0<\/h2>\n<h2><strong><span style=\"color: #0000ff;\">Alfaguara<\/span><\/strong><\/h2>\n<p>El Premio Alfaguara de Novela en lengua castellana se cre\u00f3 en 1965 por la editorial Alfaguara y se sigui\u00f3 convocando hasta 1972. Tras veinticinco a\u00f1os de ausencia, en 1998 se volvi\u00f3 a convocar con una fuerte vocaci\u00f3n latinoamericana.<\/p>\n<p><strong><span style=\"text-decoration: underline;\">Ganadores desde el a\u00f1o<\/span><span style=\"text-decoration: underline;\">\u00a02000<\/span> : <\/strong>2000 &#8211; Clara S\u00e1nchez, <em>\u00daltimas noticias del para\u00edso*<\/em> | 2001 \u2013 Elena Poniatowska, <em>La piel del cielo*<\/em> | 2002 \u2013 Tom\u00e1s Eloy Mart\u00ednez, <em>El vuelo de la reina <\/em>| 2003 \u2013 Xavier Velasco, <em>Diablo guardi\u00e1n*<\/em> | 2004 \u2013 Laura Restrepo, <em>Delirio* <\/em>| 2005 \u2013 Graciela Montes y Ema Wolf, <em>El turno del escriba*<\/em> | 2006 \u2013 Santiago Roncagliolo, <em>Abril rojo*<\/em> | 2007 \u2013 Luis Leante, <em>Mira si yo te querr\u00e9*<\/em> | 2008 \u2013 Antonio Orlando Rodr\u00edguez, <em>Chiquita*<\/em> | 2009 \u2013 Andr\u00e9s Neuman, <em>El viajero del siglo*<\/em> | 2010 \u2013 Hern\u00e1n Rivera Letelier, <em>El arte de la resurrecci\u00f3n*<\/em> | 2011 \u2013 Juan Gabriel V\u00e1squez, <em>El ruido de las cosas al caer<\/em> | 2012 \u2013 Leopoldo Brizuela, <em>Una misma noche* <\/em>| 2013 \u2013 Jos\u00e9 Ovejero,<em> La invenci\u00f3n del amor |<\/em>2014 &#8211; Jorge Franco Ramos, <em>El mundo de afuera<\/em> | 2015 &#8211; Carla Guelfenbein,<em> Contigo en la distancia<\/em>.| 2016 &#8211; Eduardo Alfredo Sacheri,\u00a0<em>La noche de la usina<\/em> \u00a0 | 2017 &#8211; Ray Loriga, <em>Rendici\u00f3n<\/em>. | 2018 &#8211; Jorge Volpi, <em>Una novela criminal\u00a0<\/em> | 2019 &#8211; Patricio Pron, <em>Ma\u00f1ana tendremos otros nombres | <\/em>2020 &#8211; Guillermo Arriaga Jord\u00e1n, <em>Salvar el fuego<\/em>. | 2021 &#8211; Pilar Quintana, <em>Los abismo<\/em>s. <em>| <\/em>2022 &#8211;\u00a0 Cristian Alarc\u00f3n,\u00a0<em>El tercer para\u00edso. |\u00a0<\/em>2023 &#8211; Gustavo Rodr\u00edguez,\u00a0<em>Cien cuyes. |\u00a0<\/em>2024 &#8211; Sergio del Molino,\u00a0<em>Los alemanes.<\/em><\/p>\n<h2>\u00a0<\/h2>\n<div id=\"Secci\u00f3n1\" dir=\"ltr\">\n<div id=\"sumario_1|despiece\" dir=\"ltr\">\n<h2><strong><span style=\"color: #0000ff;\">Azor\u00edn<\/span><\/strong><\/h2>\n<div>Lo otorga la Diputaci\u00f3n de Alicante desde el a\u00f1o 1994.<\/div>\n<p><span style=\"color: #000000;\"><span style=\"text-decoration: underline;\"><strong>Ganadores desde el a\u00f1o 2000<\/strong><\/span><\/span>\u00a0\u00a0\u00a0\u20132000 Dulce Chac\u00f3n, <em>Cielos de barr<\/em><em>o*<\/em> | 2001 \u2013 Luisa Castro,\u00a0<em>El secreto de la lej\u00eda<\/em>\u00a0| 2002 \u2013\u00a0Eugenia Rico, <em>La muerte blanca\u00a0<\/em>| 2003 \u2013\u00a0Javier Garc\u00eda S\u00e1nchez\u00a0, <em>Dios se ha ido<\/em> | 2004 \u2013 Manuel Mira,\u00a0<em>El secreto de Orcelis\u00a0<\/em>| 2005 \u2013 Angela Becerra, <em>El pen\u00faltimo sue\u00f1o<\/em> <em>*<\/em>| 2006 \u2013 Francisco Javier P\u00e9rez Fern\u00e1ndez, <em>La crin de Damocles<\/em>| 2007 \u2013 Jon Juaristi, <em>La caza salvaje<\/em>| 2008 \u2013 Montero Glez,\u00a0<em>P\u00f3lvora negra<\/em>\u00a0*| 2009 \u2013 Lola Beccaria, <em>El\u00a0arte de\u00a0perder*<\/em>\u00a0| 2010 \u2013 Bego\u00f1a Aranguren, <em>El\u00a0amor del rey<\/em>\u00a0| 2011 \u2013 Pepa Roma, <em>Indian Express<\/em>|<span style=\"color: #000000;\"> 2012 \u2013 Almudena Arteaga,\u00a0<em>Capricho <\/em><\/span>| 2013 \u2013\u00a0Zoe Vald\u00e9s ,<em> La\u00a0mujer que llora\u00a0|<\/em>2014 &#8211; Ram\u00f3n Pernas,\u00a0<em>Hotel Paradiso<\/em>\u00a0| 2015 &#8211; Fernando Delgado <span style=\"color: #000000;\">, <em>Sus ojos en m\u00ed.\u00a0| 2016 &#8211;<\/em><\/span>Reyes Calder\u00f3n ,\u00a0<em>\u00a0Dispara a la luna.\u00a0| 2017 &#8211;<\/em>\u00a0Espido Freire,\u00a0<em> Llamadme Alejandra\u00a0| 2018 &#8211;<\/em>\u00a0Nuria Gago<em>\u00a0Qui\u00e9reme siempre | 2019 &#8211; <\/em>Joaqu\u00edn Camps,\u00a0\u00a0<em>La silueta del olvido. | 2020 &#8211; <\/em>M\u00f3nica Carrillo<em>, La vida desnuda. | <\/em>2021 &#8211; Nativel Preciado,\u00a0<em>El santuario de los elefantes. |\u00a0<\/em>2022 &#8211; Maria Zaragoza Hidalgo,\u00a0<em>La biblioteca de fuego. | <\/em>2023 &#8211; Fernando Benzo S\u00e1inz,\u00a0<em>Los perseguidos. | <\/em>2024 &#8211; Cristina L\u00f3pez Barrio,\u00a0<em>La tierra bajo tus pies.<\/em><\/p>\n<h2>\u00a0<\/h2>\n<h2><strong><span style=\"color: #0000ff;\">Cervantes<\/span><\/strong><\/h2>\n<p>El Premio de Literatura en Lengua Castellana \u00abMiguel de Cervantes\u00bb, conocido tambi\u00e9n como Premio Miguel de Cervantes, o Premio Cervantes, es un premio de literatura en lengua espa\u00f1ola concedido anualmente por el Ministerio de Cultura de Espa\u00f1a a propuesta de las Academias de la Lengua de los pa\u00edses de habla hispana.<br \/>Fue instituido en 1976 y est\u00e1 considerado como el galard\u00f3n literario m\u00e1s importante en lengua castellana. Est\u00e1 destinado a distinguir la obra global de un autor en lengua castellana cuya contribuci\u00f3n al patrimonio cultural hisp\u00e1nico haya sido decisiva.<br \/>Se <b>falla a finales de a\u00f1o<\/b> y se entrega el <b><a title=\"23 de abril: D\u00eda Internacional del Libro\" href=\"http:\/\/www.rmbs.es\/blog\/biblioteca-san-julian\/?p=1381\">23 de abril <\/a>en el Paraninfo de la Universidad de Alcal\u00e1 de Henares, <\/b>coincidiendo con la fecha en que se conmemora la muerte de Miguel de Cervantes. En este acto solemne, el rey, el ministro de Cultura espa\u00f1ol y el autor galardonado pronuncian un discurso en el que se glosa la vida y producci\u00f3n literaria del premiado, la obra de Cervantes y los autores cl\u00e1sicos de nuestra lengua, as\u00ed como sobre el estado del idioma.<\/p>\n<p><strong><span style=\"text-decoration: underline;\">Ganadores desde el a\u00f1o 2000<\/span><\/strong>: 2000-\u00a0Francisco Umbral \u00a0| 2001 &#8211; \u00c1lvaro Mutis \u00a0|2002 &#8211; Jos\u00e9 Jim\u00e9nez Lozano.\u00a0\u00a0|2003 Gonzalo Rojas\u00a0| \u00a02004 &#8211; Rafael S\u00e1nchez-Ferlosio\u00a0| 2005 &#8211; Sergio Pitol \u00a0|2006 Antonio Gamoneda\u00a0| 2007 Juan Gelman\u00a0| \u00a02008 &#8211; Juan Mars\u00e9\u00a0| \u00a02009 &#8211; \u00a0Jos\u00e9 Emilio Pacheco\u00a0| \u00a02010 &#8211; Ana Mar\u00eda Matute\u00a0| \u00a02011 &#8211;\u00a0Nicanor Parra \u00a0| 2012 &#8211; \u00a0Jos\u00e9 Manuel Caballero Bonald\u00a0| \u00a02013 &#8211; \u00a0Elena Poniatowska \u00a0| 2014 &#8211; Juan Goytisolo\u00a0 \u00a0| 2015 &#8211; Fernando del Paso\u00a0 \u00a0|<a href=\"http:\/\/www.rmbs.es\/blog\/biblioteca-san-julian\/?p=3536\"> 2016 &#8211; Eduardo Mendoza<\/a>\u00a0<em>|<\/em> 2017 &#8211; Sergio Ram\u00edrez\u00a0<em>|<\/em> 2018<em> &#8211; <\/em>Ida Vitale | 2019 &#8211; Joan Margarit | 2020 &#8211; Francisco Brines | 2021 &#8211; Cristina Peri Rossi | 2022 &#8211; Rafael Cadenas | 2023 &#8211; Luis Mateo D\u00edez | 2024 &#8211; Alvaro Pombo<\/p>\n<h2>\u00a0<\/h2>\n<h2><span style=\"color: #0000ff;\"><strong>Goncourt<\/strong><\/span><\/h2>\n<p>Creado por\u00a0\u00a0Edmond de Goncourt en su testamento en\u00a01896 y concedido por primera vez en 1903, el Premio Goncourt est\u00e1 considerado como uno de los galardones literarios m\u00e1s importantes de Francia. Es su prestigio lo que cuenta, ya que econ\u00f3micamente s\u00f3lo est\u00e1 dotado con 10 euros, pero al galardonado se le asegura un \u00e9xito de ventas.<\/p>\n<p><strong><span style=\"text-decoration: underline;\">Ganadores desde el a\u00f1o 2000<\/span><\/strong><\/p>\n<ul>\n<li>2000 &#8211; Jean Jacques Schuhl,\u00a0<em>Ingrid Caven.<\/em><\/li>\n<li>2001 &#8211; Jean Cristophe Rufin ,\u00a0<em>Rojo Brasil.<\/em><\/li>\n<li>2002 -Pascal Quignard ,\u00a0<em>Las sombras errantes.\u00a0<\/em><\/li>\n<li>2003 &#8211; Jacques-Pierre Amette,\u00a0<em>La amante de Brecht*.<\/em><\/li>\n<li>2004 &#8211; \u00a0Laurent Gaud\u00e9 ,\u00a0<em>El sol de los Scorta.<\/em><\/li>\n<li>2005 &#8211; Fran\u00e7ois Weyergans,\u00a0<em>Tres d\u00edas en casa de mi madre*<\/em><\/li>\n<li>2006 &#8211; Jonathan Littell,\u00a0<em>Las Benevolas*<\/em><\/li>\n<li>2007 &#8211; Gilles Leroy,\u00a0 <em>Alabama Song*<\/em><\/li>\n<li>2008 &#8211; Atiq Rahimi,\u00a0<em>La piedra de la paciencia*<\/em><\/li>\n<li>2009 &#8211; Marie NDiaye,\u00a0 <em>Tres mujeres fuertes*<\/em><\/li>\n<li>2010 &#8211; Michel Houellebecq, El mapa y el territorio*<\/li>\n<li>2011 &#8211; \u00a0Alexis Jenni,\u00a0<em>El arte franc\u00e9s de la guerra<\/em><\/li>\n<li>2012 &#8211; J\u00e9r\u00f4me Ferrari,\u00a0<em>El serm\u00f3n de la ca\u00edda de Roma<\/em><\/li>\n<li>2013 &#8211; \u00a0Pierre Lemaitre,\u00a0<em>Nos vemos all\u00e1 arriba*<\/em><\/li>\n<li>2014 &#8211; \u00a0Lydie Salvayre,\u00a0<em>No llorar.<\/em><\/li>\n<li>2015 &#8211; \u00a0Mathias Enard,\u00a0<em>Br\u00fajula.<\/em><\/li>\n<li>2016 &#8211; Leila Slimani, <em>Canci\u00f3n dulce<\/em>.<\/li>\n<li>2017 &#8211; Eric Vuillard,\u00a0\u00a0<em>El orden del d\u00eda*<\/em><\/li>\n<li>2018 &#8211; Nicolas Mathieu, <em>Sus hijos despu\u00e9s de ellos<\/em><\/li>\n<li>2019 &#8211; Jean-Paul Dubois,\u00a0<em> No todos los hombres habitan el mundo de la misma manera.<\/em><\/li>\n<li>2020 &#8211; Herv\u00e9 le Tellier , <em>La anomal\u00eda*.<\/em><\/li>\n<li>2021 &#8211; Mohamed Mbougar Sarr,\u00a0<em>La m\u00e1s rec\u00f3ndita memoria de los hombres*.<\/em><\/li>\n<li>2022 &#8211; Brigitte Giraud,\u00a0<em>Vivir deprisa.<\/em><\/li>\n<li>2023 &#8211; Jean-Baptiste Andrea,\u00a0<em>Cuidad de ella.<\/em><\/li>\n<\/ul>\n<h2>\u00a0<\/h2>\n<h2><span style=\"color: #0000ff;\"><strong>Nadal<\/strong><\/span><\/h2>\n<\/div>\n<p>Es el premio literario m\u00e1s antiguo que se concede en Espa\u00f1a. Data de 1944 y lo otorga Ediciones Destino.<\/p>\n<p><strong><span style=\"text-decoration: underline;\"><span style=\"color: #000000; text-decoration: underline;\">Ganadores desde\u00a0el a\u00f1o 2000\u00a0<\/span><\/span><\/strong>\u20132000 Lorenzo Silva, <em>El alquimista impaciente*<\/em> | 2001 \u2013 Fernando Mar\u00edas,\u00a0<em>El ni\u00f1o de los coroneles<\/em>\u00a0| 2002 \u2013 Angela Vallvey, <em>Los estados carenciales*\u00a0<\/em>| 2003 \u2013\u00a0Andr\u00e9s Trapiello,\u00a0<em>Los amigos del crimen perfecto*<\/em>\u00a0| 2004 \u2013 Laura Restrepo, <em>Delirio*\u00a0<\/em>| 2005 \u2013 Pedro Zarraluqui, <em>Un encargo dif\u00edcil<\/em>| 2006 \u2013 Eduardo Lago,\u00a0<em>Ll\u00e1mame Brooklyn*<\/em>\u00a0| 2007 \u2013 Felipe Ben\u00edtez Reyes, <em>Mercado de espejismos<\/em> | 2008 \u2013 Francisco Casavella,\u00a0<em>Lo que se de los vampiros*<\/em>\u00a0| 2009 \u2013\u00a0Maruja Torres,\u00a0<em>Esperadme en el cielo*<\/em>\u00a0| 2010 \u2013 Clara S\u00e1nchez, <em>Lo que esconde tu nombre*<\/em>| 2011 \u2013 Alicia Gim\u00e9nez Bartlett, <em>Donde nadie te encuentre<\/em>| 2012 \u2013 Alvaro Pombo,\u00a0<em>El temblor del h\u00e9roe\u00a0<\/em>| 2013 \u2013 Sergio Vila-Sanjuan, <em>Estaba en el aire <\/em><em>|<\/em>2014 &#8211; Carmen Amoraga,\u00a0<em>La vida era eso*<\/em>\u00a0| 2015 &#8211; Jos\u00e9 C. Vales, <em>Cabaret Biarritz. \u00a0| 2016 &#8211;<\/em> V\u00edctor del Arbol, <em style=\"font-style: italic;\">La v\u00edspera de casi todo* |<\/em><em><em>\u00a02017 &#8211; Care Santos ,<em> Media Vida*.\u00a0|2018 &#8211;\u00a0<\/em><\/em><\/em>Alejandro Palomas,\u00a0<em>Un amor*.\u00a0| 2019 &#8211;\u00a0<\/em>Guillermo Mart\u00ednez,\u00a0<em>Los cr\u00edmenes de Alicia*. | 2020 &#8211;\u00a0<\/em> Ana Merinno, <em>El mapa de los afectos*. |<\/em> 2021 &#8211; Najat El Hachmi, El<em> lunes nos querr\u00e1n*. |\u00a0\u00a0<\/em>2022 &#8211; In\u00e9s Mart\u00edn Rodrigo,\u00a0<em>El mapa de los afectos. |<\/em> 2023<em> &#8211;\u00a0<\/em>Manuel Vilas,\u00a0<em>Nosotros. |\u00a0<\/em>2024 &#8211; C\u00e9sar P\u00e9rez Gellida, <em>Bajo tierra seca.<\/em><\/p>\n<h2>\u00a0<\/h2>\n<h2><span style=\"color: #0000ff;\"><strong>Planeta<\/strong><\/span><\/h2>\n<p>Se entrega el 15 de octubre de cada a\u00f1o desde 1952. Lo otorga la editorial del mismo nombre\u00a0y lo cre\u00f3 su fundador, Jos\u00e9 Manuel Lara.<\/p>\n<p><em><strong>Ganadores desde el a\u00f1o 2000 <\/strong>\u2013<\/em>2000 Maruja Torres<em>, Mientras vivimos |<\/em> 2001<em> \u2013\u00a0<\/em>Rosa Regas<em>, <em>La canci\u00f3n de Dorotea <\/em>| <\/em>2002<em> \u2013 <\/em>Alfredo Brice Echenique<em>,\u00a0<em>El\u00a0huerto de mi amada\u00a0 <\/em>|<\/em> 2003<em> \u2013<\/em> Antonio Sk\u00e1rmeta,<em><em>Los amigos del crimen perfecto<\/em> | <\/em>2004<em> \u2013 <\/em>Luc\u00eda Etxebarr\u00eda<em>,\u00a0Un milagro en\u00a0equilibrio| <\/em>2005<em> \u2013 <\/em>Mar\u00eda de la Pau Janer<em>, Pasiones Romanas | <\/em>2006 \u2013 Alvaro Pombo, La fortuna de Matilda Turp\u00edn\u00a0| 2007 \u2013 Juan Jos\u00e9 Mill\u00e1s,<em> El mundo | <\/em>2008<em> \u2013 <\/em>Fernando Savater<em>,\u00a0<em>La hermandad de la buena suerte<\/em>\u00a0| <\/em>2009<em> \u2013 <\/em>Angeles Caso<em>, <em>Contra el viento <\/em>| <\/em>2010<em> \u2013<\/em> Eduardo Mendoza,<em> Ri\u00f1a de gatos. Madrid 1936 | <\/em>2011<em> \u2013 <\/em>Javier Moro<em>, <em>El imperio eres t\u00fa* <\/em>| <\/em>2012<em> \u2013 <\/em>Lorenzo Silva <em>, <em>La marca del meridiano <\/em>| <\/em>2013<em> \u2013 <\/em>Clara S\u00e1nchez<em>, <em>El cielo ha vuelto*\u00a0<\/em><em>| <\/em><\/em>2014<em> &#8211; <\/em>Jorge Zepeda Patterson<em>, Milena o el f\u00e9mur m\u00e1s bello del mundo. \u00a0<em>| <\/em>2015<em> &#8211; Alicia Gim\u00e9nez-Bartlett<\/em><em>, Hombres desnudos.<\/em>\u00a0*|\u00a02016<em>&#8211; <\/em><\/em>Dolores Redondo, <em>Todo eso te dar\u00e9<\/em>\u00a0*<em>| 2017 &#8211;<\/em>\u00a0Javier Sierra, El<em> fuego invisible*\u00a0| 2018 &#8211;<\/em> Santiago Posteguillo,\u00a0<em>Yo, Julia.*\u00a0|<a href=\"http:\/\/www.rmbs.es\/blog\/biblioteca-san-julian\/premio-planeta-2019\/\">\u00a02019 &#8211;\u00a0<\/a><\/em>Javier Cercas<em>, Terra Alta | <\/em>2020 &#8211; Eva Garc\u00eda S\u00e1enz de Urturi, <em>Aquitania | 2021 &#8211; <\/em>Carmen Mola<em>, La bestia*|\u00a02022 &#8211; <\/em>Luz Gab\u00e1s, <em>\u00a0Lejos de Luisiana* \u00a0|2023 &#8211; <\/em>Sonsoles Onega, <em>Las hijas de la criada*<\/em><em> | <\/em>2024 &#8211; Paloma S\u00e1nchez-G\u00e1rnica, <em>Victoria<\/em>.<\/p>\n<h2>\u00a0<\/h2>\n<h2>\u00a0<\/h2>\n<h2><strong><span style=\"color: #800000;\"><span style=\"color: #0000ff;\">Princesa de Asturias\u00a0 de las letras<\/span><\/span><\/strong><\/h2>\n<p>(Premios Pr\u00edncipe de Asturias hasta 2014)<\/p>\n<p>Creados en 1981 y otorgados por la fundaci\u00f3n del mismo nombre,\u00a0se conceden a la persona\u00a0cuya labor creadora represente una contribuci\u00f3n relevante en\u00a0el campo de la literatura universal.\u00a0Se entregan cada a\u00f1o en el Teatro Campoamor de Oviedo el \u00faltimo viernes de octubre.<\/p>\n<p>Est\u00e1n dotados con la reproducci\u00f3n de una escultura dise\u00f1ada por Joan Mir\u00f3, 50.000 euros en met\u00e1lico, un diploma y una insignia.<\/p>\n<div><em><strong>Ganadores desde el a\u00f1o 2000<\/strong><\/em>: 2000 &#8211; Augusto Monterroso <em>|<\/em> 2001 &#8211; Doris Lessing <em>|<\/em>\u00a02002 &#8211; Arthur Miller <em>|<\/em> 2003 &#8211; F\u00e1tima Mernissi, Susan Sontang <em>|<\/em> 2004 &#8211; Claudio Magris <em>|<\/em> 2005 &#8211; N\u00e9lida Pi\u00f1\u00f3n <em>|<\/em> 2006 &#8211; Paul Auster <em>|<\/em> 2007 &#8211; Amos Oz <em>|<\/em> 2008 &#8211; Margaret Atwood <em>|<\/em> 2009 &#8211; Ismail Kadar\u00e9 <em>|<\/em> 2010 &#8211; Amin Maalouf <em>|<\/em> 2011 &#8211; Leonard Cohen<em>|<\/em> 2012 &#8211; Philip\u00a0Roth\u00a0<em>|<\/em> 2013 &#8211; Antonio Mu\u00f1oz Molina <em>|<\/em> 2014 &#8211; John Banville<em>|<\/em> 2015 &#8211; Leonardo Padura\u00a0.<em>|<\/em> 2016 &#8211; Richard Ford\u00a0.\u00a0<em>| <\/em>2017<em> &#8211; <\/em>Adam Zagajewski <em>| <\/em>2018\u00a0 &#8211; Fred Vargas.\u00a0<em>|<\/em> 2019 &#8211; Siri Hustved. | 2020 &#8211; Anne Carson. |2021 &#8211; Emmanuel Carr\u00e9re |2022 &#8211; Juan Mayorga. | 2023 &#8211; Haruki Murakami. | 2024 &#8211; Ana Blandiana\n<p>\u00a0<\/p>\n<div>\u00a0<\/div>\n<div>\u00a0<\/div>\n<\/div>\n<div>\u00a0<\/div>\n<div>\u00a0<\/div>\n<div>\n<h2>\u00a0<\/h2>\n<h2><span style=\"color: #0000ff;\"><strong>Premio Nacional de Narrativa<\/strong><\/span><\/h2>\n<p>El\u00a0<b>Premio Nacional de Literatura en la modalidad de Narrativa<\/b>\u00a0es un premio literario de larga trayectoria que otorga anualmente el Ministerio de Cultura de\u00a0Espa\u00f1a. Premia la mejor obra en modalidad de\u00a0narrativa\u00a0escrita por un autor\u00a0espa\u00f1ol, en cualquiera de los\u00a0idiomas espa\u00f1oles, entre todas las obras de este g\u00e9nero publicadas en Espa\u00f1a en el a\u00f1o anterior, en su primera edici\u00f3n. Est\u00e1 dotado con 20.000 euros.<\/p>\n<p>Es un premio de larga trayectoria, ya que tiene sus antecedentes en la Orden de creaci\u00f3n del Ministerio de la Gobernaci\u00f3n de\u00a025 de enero\u00a0de\u00a01949. Su actual configuraci\u00f3n data de\u00a01977. Sus m\u00e1s de treinta a\u00f1os de historia le han permitido asistir a la renovaci\u00f3n de la novela espa\u00f1ola.<\/p>\n<p><span style=\"color: #000000;\"><strong><em>Ganadores desde el a\u00f1o 2000:\u00a0<\/em><\/strong><\/span><\/p>\n<ul>\n<li>2000: La ruina del cielo \/ Luis Mateo D\u00edez<\/li>\n<li>2001: Rabos de lagartija* \/ Juan Mars\u00e9<\/li>\n<li>2002: Un tranv\u00eda en SP \/ Unai Elorriaga<\/li>\n<li>2003: Trece campanadas* \/Suso de Toro<\/li>\n<li>2004: La vida invisible \/ Juan Manuel de Prada<\/li>\n<li>2005: Los girasoles ciegos*\/ Alberto M\u00e9ndez<\/li>\n<li>2006: Las cenizas del hierro \/ Ramiro Pinilla<\/li>\n<li>2007: El abrecartas*\/ Vicente Molina Foix<\/li>\n<li>2008: El mundo* \/ Juan Jos\u00e9 Mill\u00e1s<\/li>\n<li>2009: Bilbao-New York-Bilbao* \/ Kirmen Uribe<\/li>\n<li>2010: Anatomia de un instante*\/ Javier Mar\u00edas<\/li>\n<li>2011: Tiempo de vida \/ Marcos Giralt Torrente<\/li>\n<li>2012: Los enamoramientos* \/ Javier Mar\u00edas<\/li>\n<li>2013: El r\u00edo Ed\u00e9n \/ Jos\u00e9 Mar\u00eda Merino<\/li>\n<li>2014: En la orilla*\/ Rafael Chirbes<\/li>\n<li>2015: La buena reputaci\u00f3n*\/ Ignacio Mart\u00ednez de Pis\u00f3n<\/li>\n<li>2016: La habitaci\u00f3n de Nona \/ Cristina Fern\u00e1ndez de Cubas<\/li>\n<li>2017: Patria*\/ Fernando Aramburu<\/li>\n<li>2018: Los pacientes del doctor Garc\u00eda*\/ Almudena Grandes<\/li>\n<li>2019: Lectura f\u00e1cil*\/ Cristina Morales<\/li>\n<li>2020: Totalidad sexual del cosmos \/ Juan Bonilla<\/li>\n<li>2021: Virtudes (y misterios) \/ Xes\u00fas Fraga.<\/li>\n<li>2022: Las malas mujeres \/ Marilar Aleixandre<\/li>\n<li>2023: De bestias y aves \/ Pilar Ad\u00f3n<\/li>\n<li>2024: Martinete del rey sombra \/ Ra\u00fal Quinto.<\/li>\n<\/ul>\n<h2>\u00a0<\/h2>\n<h2><span style=\"color: #0000ff;\"><strong>Pulitzer<br \/><\/strong><\/span><\/h2>\n<\/div>\n<div>\n<p>\u00a0El Premio Pulitzer de novela fue creado a partir de las \u00faltimas voluntades del editor period\u00edstico Joseph Pulitzer. S\u00f3lo pueden acceder al premio aquellos escritores que posean la nacionalidad estadounidense.<\/p>\n<p><strong><em>Ganadores desde el a\u00f1o 2000.<\/em><\/strong><\/p>\n<ul>\n<li>2000 Int\u00e9rprete de emociones\u00a0(Jhumpa Lahiri)<\/li>\n<li>2001 Las asombrosas aventuras de Kavalier y Clay*\u00a0(Michael Chabon)<\/li>\n<li>2002 Empire falls\u00a0(Richard Russo)<\/li>\n<li>2003 Middlesex*\u00a0(Jeffrey Eugenides)<\/li>\n<li>2004\u00a0El mundo conocido (Edward P. Jones)<\/li>\n<li>2005 Gilead (Marilynne Robinson)<\/li>\n<li>2006 March (Geraldine Brooks)<\/li>\n<li>2007 La carretera* (Cormac McCarthy)<\/li>\n<li>2008 La maravillosa vida breve de Oscar Wao*\u00a0(Junot D\u00edaz)<\/li>\n<li>2009 Olive Kitteridge\u00a0(Elizabeth Strout)<\/li>\n<li>2010 Vidas de hojalata\u00a0(Paul Harding)<\/li>\n<li>2011 El tiempo es un canalla\u00a0(Jennifer Egan)<\/li>\n<li>2013 El hu\u00e9rfano\u00a0(Adam Johnson)<\/li>\n<li>2014 El jilguero* (Donna Tartt)<\/li>\n<li>2015 La luz que no puedes ver\u00a0(Anthony Doerr)<\/li>\n<li>2017 El ferrocarril subterr\u00e1neo (Colson Whitehead)<\/li>\n<li>2018 Less (Andrew Sean Greer)<\/li>\n<li>2019 El clamor de los bosques (Richard Powers)<\/li>\n<li>2020 Los chicos de la Nickel (Colson Whitehead)<\/li>\n<li>2021 El vigilante nocturno (Louise Erdrich)<\/li>\n<li>2022 Los Nettanyahus (Joshua Cohen)<\/li>\n<li>2023 Demon Copperhead (Barbara Kingsolver) y Fortuna (Hern\u00e1n D\u00edaz)<\/li>\n<li>2024 Jayne (Anne Phillips)<\/li>\n<\/ul>\n<p>* con un asterisco se\u00f1alamos los que puedes encontrar en nuestra biblioteca.<\/p>\n<\/div>\n<div>\u00a0<\/div>\n<\/div>\n<\/div><\/div>\n<div class=\"addtoany_share_save_container\"><div class=\"a2a_kit a2a_target addtoany_list\" id=\"wpa2a_1\"><a class=\"a2a_dd addtoany_share_save\" href=\"http:\/\/www.addtoany.com\/share_save\"><img src=\"http:\/\/www.rmbs.es\/blog\/biblioteca-san-julian\/wp-content\/plugins\/add-to-any\/share_save_171_16.png\" width=\"171\" height=\"16\" alt=\"Share\"\/><\/a><\/div>\n<script type=\"text\/javascript\"><!--\nwpa2a.script_load();\n\/\/--><\/script>\n<\/div>","protected":false},"excerpt":{"rendered":"<div class=\"addtoany_share_save_container\"><div class=\"a2a_kit a2a_target addtoany_list\" id=\"wpa2a_2\"><a class=\"a2a_dd addtoany_share_save\" href=\"http:\/\/www.addtoany.com\/share_save\"><img src=\"http:\/\/www.rmbs.es\/blog\/biblioteca-san-julian\/wp-content\/plugins\/add-to-any\/share_save_171_16.png\" width=\"171\" height=\"16\" alt=\"Share\"\/><\/a><\/div><\/div>","protected":false},"author":1,"featured_media":0,"parent":0,"menu_order":5,"comment_status":"open","ping_status":"closed","template":"","meta":[],"_links":{"self":[{"href":"http:\/\/www.rmbs.es\/blog\/biblioteca-san-julian\/wp-json\/wp\/v2\/pages\/495"}],"collection":[{"href":"http:\/\/www.rmbs.es\/blog\/biblioteca-san-julian\/wp-json\/wp\/v2\/pages"}],"about":[{"href":"http:\/\/www.rmbs.es\/blog\/biblioteca-san-julian\/wp-json\/wp\/v2\/types\/page"}],"author":[{"embeddable":true,"href":"http:\/\/www.rmbs.es\/blog\/biblioteca-san-julian\/wp-json\/wp\/v2\/users\/1"}],"replies":[{"embeddable":true,"href":"http:\/\/www.rmbs.es\/blog\/biblioteca-san-julian\/wp-json\/wp\/v2\/comments?post=495"}],"version-history":[{"count":56,"href":"http:\/\/www.rmbs.es\/blog\/biblioteca-san-julian\/wp-json\/wp\/v2\/pages\/495\/revisions"}],"predecessor-version":[{"id":6796,"href":"http:\/\/www.rmbs.es\/blog\/biblioteca-san-julian\/wp-json\/wp\/v2\/pages\/495\/revisions\/6796"}],"wp:attachment":[{"href":"http:\/\/www.rmbs.es\/blog\/biblioteca-san-julian\/wp-json\/wp\/v2\/media?parent=495"}],"curies":[{"name":"wp","href":"https:\/\/api.w.org\/{rel}","templated":true}]}}