{"id":4069,"date":"2018-03-22T10:39:21","date_gmt":"2018-03-22T10:39:21","guid":{"rendered":"http:\/\/www.rmbs.es\/blog\/biblioteca-san-julian\/?page_id=4069"},"modified":"2019-05-24T10:51:35","modified_gmt":"2019-05-24T10:51:35","slug":"9-nuestra-coleccion-y-sus-secciones","status":"publish","type":"page","link":"http:\/\/www.rmbs.es\/blog\/biblioteca-san-julian\/9-nuestra-coleccion-y-sus-secciones\/","title":{"rendered":"Nuestra colecci\u00f3n"},"content":{"rendered":"<p style=\"text-align: justify;\">La colecci\u00f3n de la biblioteca ofrece recursos para la formaci\u00f3n, informaci\u00f3n y el ocio de todo el p\u00fablico. Est\u00e1 formada por varios tipos de materiales: libros, publicaciones peri\u00f3dicas, revistas, CD, DVD y libros electr\u00f3nicos. Proceden de compras y de donaciones, tanto de instituciones como particulares. Las compras las hace el personal de la biblioteca teniendo en cuenta varios factores, entre ellos las <a href=\"http:\/\/www.rmbs.es\/desideratas.php\">sugerencias de compra<\/a> que les hacen llegar los usuarios.<\/p>\n<p style=\"text-align: justify;\">Los documentos se organizan en SECCIONES, la mayor\u00eda de las cuales est\u00e1n en acceso libre. S\u00f3lo hay una parte de la colecci\u00f3n que se encuentra en DEP\u00d3SITO (Dep) y a la que no puede acceder el p\u00fablico, pero su sistema de pr\u00e9stamo es igual que el resto.<\/p>\n<h4><span style=\"color: #0000ff;\"><img loading=\"lazy\" class=\"alignleft size-thumbnail wp-image-4476\" src=\"http:\/\/www.rmbs.es\/blog\/biblioteca-san-julian\/wp-content\/uploads\/2018\/03\/Sala-infantil-150x150.jpg\" alt=\"Sala infantil\" width=\"150\" height=\"150\" \/><\/span><\/h4>\n<h4 style=\"text-align: center;\"><span style=\"color: #0000ff;\"><span style=\"text-decoration: underline;\"><strong>SECCI\u00d3N INFANTIL Y JUVENIL<\/strong><\/span><\/span><\/h4>\n<p>&nbsp;<\/p>\n<p>&nbsp;<\/p>\n<p>&nbsp;<\/p>\n<p>&nbsp;<\/p>\n<p><span style=\"color: #ff0000;\">CUENTOS<\/span><\/p>\n<p>De 0 a 6 a\u00f1os : color azul<\/p>\n<p>A partir de 8 a\u00f1os: color rojo<\/p>\n<p>A partir de\u00a010 a\u00f1os: color verde<\/p>\n<p>A partir de 12 a\u00f1os : color amarillo<\/p>\n<p style=\"text-align: justify;\">Dentro de cada secci\u00f3n, los cuentos se organizan de varias maneras: por editoriales (Kalandraka, Barco de Vapor, Sopa de libros), personajes (Ger\u00f3nimo Stilton, Peppa Pig, Greg, Capit\u00e1n calzoncillos) o colecciones (Futbol\u00edsimos, Los Cinco, Fieras del f\u00fatbol, La incre\u00edble historia de&#8230;).<\/p>\n<p>Novela juvenil: de 14 a 18 (J-N)<\/p>\n<p><span style=\"color: #ff0000;\">LIBROS INFORMATIVOS:\u00a0<span style=\"color: #000000;\">dedicados al estudio. Se o<\/span><\/span>rganizan seg\u00fan la CDU. El tejuelo va precedido de I\/J<\/p>\n<p><span style=\"color: #ff0000;\">C\u00d3MICS <\/span>\u00a0(J-C)<\/p>\n<p style=\"text-align: justify;\"><span style=\"color: #ff0000;\">VIDEOTECA:\u00a0<span style=\"color: #000000;\">e<\/span><span style=\"color: #000000;\">n ella pod\u00e9is encontrar series de dibujos animados y pel\u00edculas, ambas con la signatura<\/span><\/span><span style=\"color: #ff0000;\"><span style=\"color: #000000;\"> V-I; tambi\u00e9n m\u00fasica, canciones, cuentos, recursos de aprendizaje\u00a0 y juegos de ordenador que se distinguen con las letras AV-I<\/span><\/span><\/p>\n<p style=\"text-align: justify;\"><span style=\"color: #ff0000;\">OTRAS LENGUAS:<span style=\"color: #000000;\"> l<\/span><span style=\"color: #000000;\">ibros y audiovisuales en ingl\u00e9s y franc\u00e9s principalmente. Llevan la signatura I-seguido de las tres primeras letras del idioma.<\/span><\/span><\/p>\n<p style=\"text-align: justify;\"><span style=\"color: #ff0000;\">PADRES Y EDUCADORES:<span style=\"color: #000000;\"> i<\/span><span style=\"color: #000000;\">ncluyen libros con temas de inter\u00e9s para ambos grupos. Se distinguen por llevar un c\u00edrculo naranja en el tejuelo.<\/span><\/span><\/p>\n<h4 style=\"text-align: justify;\"><\/h4>\n<p>&nbsp;<\/p>\n<h4 style=\"text-align: center;\"><span style=\"text-decoration: underline;\"><strong><span style=\"color: #0000ff; text-decoration: underline;\">SECCI\u00d3N DE ADULTOS<\/span><\/strong><\/span><\/h4>\n<p style=\"text-align: justify;\"><span style=\"color: #ff0000;\">FONDO LOCAL:<\/span> Informaci\u00f3n sobre Andaluc\u00eda y Sevilla. Todos los tejuelos van precedidos de la letra A y los que se refieren a Sevilla se distinguen con una etiqueta verde.<\/p>\n<p style=\"text-align: justify;\"><span style=\"color: #ff0000;\">VIDEOTECA:<\/span> formada por pel\u00edculas y documentales. Las pel\u00edculas (V) tienen un distintivo para indicar a qu\u00e9 g\u00e9nero pertenecen (cine b\u00e9lico, drama, comedia..). Los documentales (AV-) se clasifican seg\u00fan su tem\u00e1tica,\u00a0 igual que los libros de no ficci\u00f3n.<\/p>\n<p>&nbsp;<\/p>\n<p>&nbsp;<\/p>\n<p><span style=\"color: #ff0000;\">LIBROS INFORMATIVOS<\/span> o de no ficci\u00f3n.<\/p>\n<div class=\"field-body\">\n<p>Los n\u00fameros se corresponden con las siguientes tem\u00e1ticas generales de la CDU:<\/p>\n<ul>\n<li>0 Generalidades<\/li>\n<li>1 Filosof\u00eda, psicolog\u00eda<\/li>\n<li>2 Religi\u00f3n<\/li>\n<li>3 Ciencias sociales<\/li>\n<li>5 Ciencias puras<\/li>\n<li>6 Ciencias aplicadas<\/li>\n<li>7 Arte<\/li>\n<li>8 Lengua. G\u00e9neros literarios. Historia de la literatura.<\/li>\n<li style=\"text-align: justify;\">9 Geograf\u00eda e Historia: en el apartado de Historia hemos hecho una distinci\u00f3n entre <span style=\"color: #0000ff;\">Historia de Espa\u00f1a<\/span> (se\u00f1alizado en color azul y precedido de una E) e <span style=\"color: #ffcc99;\">Historia del Mundo<\/span> (se\u00f1alizado en color crema). Dentro de cada uno de estos apartados, se se\u00f1alan los periodos hist\u00f3ricos correspondientes: GEN (General), ANT (Historia Antigua), MED (Historia Medieval), MOD (Historia Moderna), CON (Historia Contempor\u00e1nea), ACT (Actualidad).<\/li>\n<\/ul>\n<\/div>\n<div class=\"row\"><\/div>\n<div class=\"row\"><\/div>\n<div class=\"row\"><span style=\"color: #ff0000;\">LIBROS DE FICCI\u00d3N<\/span><\/div>\n<div class=\"row\">Tienen\u00a0un\u00a0icono para orientar a los lectores a cerca de la tem\u00e1tica de los libros.<\/div>\n<div class=\"row\" style=\"text-align: justify;\"><\/div>\n<div class=\"row\"><img loading=\"lazy\" class=\"aligncenter wp-image-5136\" src=\"http:\/\/www.rmbs.es\/blog\/biblioteca-san-julian\/wp-content\/uploads\/2018\/03\/LEYENDAS-DE-PASION.jpg\" alt=\"LEYENDAS DE PASION\" width=\"700\" height=\"484\" srcset=\"http:\/\/www.rmbs.es\/blog\/biblioteca-san-julian\/wp-content\/uploads\/2018\/03\/LEYENDAS-DE-PASION.jpg 628w, http:\/\/www.rmbs.es\/blog\/biblioteca-san-julian\/wp-content\/uploads\/2018\/03\/LEYENDAS-DE-PASION-300x207.jpg 300w, http:\/\/www.rmbs.es\/blog\/biblioteca-san-julian\/wp-content\/uploads\/2018\/03\/LEYENDAS-DE-PASION-150x104.jpg 150w, http:\/\/www.rmbs.es\/blog\/biblioteca-san-julian\/wp-content\/uploads\/2018\/03\/LEYENDAS-DE-PASION-24x17.jpg 24w, http:\/\/www.rmbs.es\/blog\/biblioteca-san-julian\/wp-content\/uploads\/2018\/03\/LEYENDAS-DE-PASION-36x25.jpg 36w, http:\/\/www.rmbs.es\/blog\/biblioteca-san-julian\/wp-content\/uploads\/2018\/03\/LEYENDAS-DE-PASION-48x33.jpg 48w\" sizes=\"(max-width: 700px) 100vw, 700px\" \/><\/div>\n<div class=\"row\" style=\"text-align: justify;\"><\/div>\n<div class=\"row\" style=\"text-align: justify;\">POES\u00cdA (P)<\/div>\n<div class=\"row\" style=\"text-align: justify;\">TEATRO (T)<\/div>\n<div class=\"row\" style=\"text-align: justify;\">BIOGRAF\u00cdAS (B)<\/div>\n<div class=\"row\" style=\"text-align: justify;\"><\/div>\n<div class=\"row\" style=\"text-align: justify;\"><\/div>\n<div class=\"row\" style=\"text-align: justify;\"><span style=\"color: #ff0000;\">C\u00d3MIC:<\/span> Precedidos de una C, incluyen tanto novela gr\u00e1fica como\u00a0 \u00e1lbumes ilustrados para adultos.<\/div>\n<p style=\"text-align: justify;\"><span style=\"color: #ff0000;\">GU\u00cdAS DE VIAJES<\/span>: Se distinguen por un punto amarillo. Est\u00e1n divididas en las que se refieren a Andaluc\u00eda, Espa\u00f1a y el resto del mundo.<\/p>\n<p style=\"text-align: justify;\"><span style=\"color: #ff0000;\">SALA DE PRENSA<\/span>: Recibimos diariamente prensa local (ABC, Diario).<\/p>\n<p><img loading=\"lazy\" class=\"alignleft size-thumbnail wp-image-4487\" src=\"http:\/\/www.rmbs.es\/blog\/biblioteca-san-julian\/wp-content\/uploads\/2018\/03\/Hall-150x150.jpg\" alt=\"Hall\" width=\"150\" height=\"150\" \/> <img loading=\"lazy\" class=\"alignright size-thumbnail wp-image-4488\" src=\"http:\/\/www.rmbs.es\/blog\/biblioteca-san-julian\/wp-content\/uploads\/2018\/03\/prensa-150x150.jpg\" alt=\"prensa\" width=\"150\" height=\"150\" \/><\/p>\n<p>&nbsp;<\/p>\n<p><span style=\"color: #ff0000;\">NOVEDADES Y RECOMENDADOS<\/span>: Libros que acaban de llegar a la biblioteca y aqu\u00e9llos que nos parecen interesantes porque aluden a alg\u00fan premio, obituario o efem\u00e9rides.<\/p>\n<p>&nbsp;<\/p>\n<p>&nbsp;<\/p>\n<p>&nbsp;<\/p>\n<p><span style=\"color: #ff0000;\">OTRAS LENGUAS<\/span>: documentos en franc\u00e9s, ingl\u00e9s, alem\u00e1n, italiano, portug\u00faes y catal\u00e1n. Formada por libros y audiovisuales, en la signatura se especifica a qu\u00e9 idioma pertenecen. Proceden casi en su totalidad\u00a0de donaciones hechas por usuarios nativos, de ah\u00ed su originalidad e inter\u00e9s. La parte m\u00e1s numerosa\u00a0del fondo est\u00e1 formada por \u00a0narrativa, pero tambi\u00e9n encontramos\u00a0teatro, poes\u00eda y libros de no ficci\u00f3n. Su nivel de dificultad tambi\u00e9n es variado y abarca desde lecturas graduadas hasta el dominio total del idioma.<\/p>\n<p><img loading=\"lazy\" class=\"aligncenter size-thumbnail wp-image-4486\" src=\"http:\/\/www.rmbs.es\/blog\/biblioteca-san-julian\/wp-content\/uploads\/2018\/03\/Otraslenguas4-copia-2-150x150.jpg\" alt=\"Otraslenguas4 - copia (2)\" width=\"150\" height=\"150\" \/><\/p>\n<div class=\"addtoany_share_save_container\"><div class=\"a2a_kit a2a_target addtoany_list\" id=\"wpa2a_1\"><a class=\"a2a_dd addtoany_share_save\" href=\"http:\/\/www.addtoany.com\/share_save\"><img src=\"http:\/\/www.rmbs.es\/blog\/biblioteca-san-julian\/wp-content\/plugins\/add-to-any\/share_save_171_16.png\" width=\"171\" height=\"16\" alt=\"Share\"\/><\/a><\/div>\n<script type=\"text\/javascript\"><!--\nwpa2a.script_load();\n\/\/--><\/script>\n<\/div>","protected":false},"excerpt":{"rendered":"<p>La colecci\u00f3n de la biblioteca ofrece recursos para la formaci\u00f3n, informaci\u00f3n y el ocio de todo el p\u00fablico. Est\u00e1 formada por varios tipos de materiales: libros, publicaciones peri\u00f3dicas, revistas, CD, DVD y libros electr\u00f3nicos. Proceden de compras y de donaciones, tanto de instituciones como particulares. Las compras las hace el personal de la biblioteca teniendo&#8230;<\/p>\n<div class=\"addtoany_share_save_container\"><div class=\"a2a_kit a2a_target addtoany_list\" id=\"wpa2a_2\"><a class=\"a2a_dd addtoany_share_save\" href=\"http:\/\/www.addtoany.com\/share_save\"><img src=\"http:\/\/www.rmbs.es\/blog\/biblioteca-san-julian\/wp-content\/plugins\/add-to-any\/share_save_171_16.png\" width=\"171\" height=\"16\" alt=\"Share\"\/><\/a><\/div><\/div>","protected":false},"author":1,"featured_media":0,"parent":0,"menu_order":0,"comment_status":"closed","ping_status":"closed","template":"","meta":[],"_links":{"self":[{"href":"http:\/\/www.rmbs.es\/blog\/biblioteca-san-julian\/wp-json\/wp\/v2\/pages\/4069"}],"collection":[{"href":"http:\/\/www.rmbs.es\/blog\/biblioteca-san-julian\/wp-json\/wp\/v2\/pages"}],"about":[{"href":"http:\/\/www.rmbs.es\/blog\/biblioteca-san-julian\/wp-json\/wp\/v2\/types\/page"}],"author":[{"embeddable":true,"href":"http:\/\/www.rmbs.es\/blog\/biblioteca-san-julian\/wp-json\/wp\/v2\/users\/1"}],"replies":[{"embeddable":true,"href":"http:\/\/www.rmbs.es\/blog\/biblioteca-san-julian\/wp-json\/wp\/v2\/comments?post=4069"}],"version-history":[{"count":46,"href":"http:\/\/www.rmbs.es\/blog\/biblioteca-san-julian\/wp-json\/wp\/v2\/pages\/4069\/revisions"}],"predecessor-version":[{"id":5146,"href":"http:\/\/www.rmbs.es\/blog\/biblioteca-san-julian\/wp-json\/wp\/v2\/pages\/4069\/revisions\/5146"}],"wp:attachment":[{"href":"http:\/\/www.rmbs.es\/blog\/biblioteca-san-julian\/wp-json\/wp\/v2\/media?parent=4069"}],"curies":[{"name":"wp","href":"https:\/\/api.w.org\/{rel}","templated":true}]}}