{"id":2803,"date":"2018-09-11T10:01:05","date_gmt":"2018-09-11T08:01:05","guid":{"rendered":"http:\/\/www.rmbs.es\/blog\/biblioteca-entreparques\/?page_id=2803"},"modified":"2025-11-06T22:21:23","modified_gmt":"2025-11-06T20:21:23","slug":"informacion-util","status":"publish","type":"page","link":"http:\/\/www.rmbs.es\/blog\/biblioteca-entreparques\/?page_id=2803","title":{"rendered":"INFORMACI\u00d3N \u00daTIL"},"content":{"rendered":"<p style=\"text-align: center;\"><strong>UBICACI\u00d3N Y CONTACTO<\/strong><\/p>\n<p style=\"text-align: center;\">La Biblioteca Entreparques est\u00e1 dentro del Centro C\u00edvico Entreparques<\/p>\n<p style=\"text-align: center;\"><a href=\"https:\/\/www.google.com\/maps\/place\/Biblioteca+P%C3%BAblica+Municipal+Entreparques\/@37.4171942,-5.9713191,17z\/data=!3m1!4b1!4m6!3m5!1s0xd126bdecf5527b1:0xe6f2db48f7b99f7a!8m2!3d37.4171942!4d-5.9687442!16s%2Fg%2F11xtyc_y5?entry=ttu&amp;g_ep=EgoyMDI1MTEwNC4xIKXMDSoASAFQAw%3D%3D\">C\/ Corral de los Olmos, s\/n<\/a><\/p>\n<p style=\"text-align: center;\">41015 Sevilla<\/p>\n<p style=\"text-align: center;\">Tel\u00e9fono: 955 47 44 46 &#8211; 955 47 44 45<\/p>\n<p style=\"text-align: center;\">E-mail: entreparques.sbs.cultura@sevilla.org<\/p>\n<p style=\"text-align: center;\">Autobuses: L\u00edneas 12, 13 Y LN<\/p>\n<p style=\"text-align: center;\"><strong>LOCALIZACI\u00d3N<\/strong><\/p>\n<p style=\"text-align: center;\">Encuentra nuestra Biblioteca en\u00a0 \u00a0<a href=\"https:\/\/www.google.com\/maps\/search\/biblioteca+entreparques\/@37.4170255,-5.9715544,17z\/data=!3m1!4b1\" target=\"_blank\" rel=\"noopener noreferrer\">GOOGLE MAPS<\/a><\/p>\n","protected":false},"excerpt":{"rendered":"<p>UBICACI\u00d3N Y CONTACTO La Biblioteca Entreparques est\u00e1 dentro del Centro C\u00edvico Entreparques C\/ Corral de los Olmos, s\/n 41015 Sevilla Tel\u00e9fono: 955 47 44 46 &#8211; 955 47 44 45 E-mail: entreparques.sbs.cultura@sevilla.org Autobuses: L\u00edneas 12, 13 Y LN LOCALIZACI\u00d3N Encuentra nuestra Biblioteca en\u00a0 \u00a0GOOGLE MAPS<\/p>\n","protected":false},"author":1,"featured_media":0,"parent":0,"menu_order":0,"comment_status":"closed","ping_status":"closed","template":"","meta":[],"_links":{"self":[{"href":"http:\/\/www.rmbs.es\/blog\/biblioteca-entreparques\/index.php?rest_route=\/wp\/v2\/pages\/2803"}],"collection":[{"href":"http:\/\/www.rmbs.es\/blog\/biblioteca-entreparques\/index.php?rest_route=\/wp\/v2\/pages"}],"about":[{"href":"http:\/\/www.rmbs.es\/blog\/biblioteca-entreparques\/index.php?rest_route=\/wp\/v2\/types\/page"}],"author":[{"embeddable":true,"href":"http:\/\/www.rmbs.es\/blog\/biblioteca-entreparques\/index.php?rest_route=\/wp\/v2\/users\/1"}],"replies":[{"embeddable":true,"href":"http:\/\/www.rmbs.es\/blog\/biblioteca-entreparques\/index.php?rest_route=%2Fwp%2Fv2%2Fcomments&post=2803"}],"version-history":[{"count":10,"href":"http:\/\/www.rmbs.es\/blog\/biblioteca-entreparques\/index.php?rest_route=\/wp\/v2\/pages\/2803\/revisions"}],"predecessor-version":[{"id":3949,"href":"http:\/\/www.rmbs.es\/blog\/biblioteca-entreparques\/index.php?rest_route=\/wp\/v2\/pages\/2803\/revisions\/3949"}],"wp:attachment":[{"href":"http:\/\/www.rmbs.es\/blog\/biblioteca-entreparques\/index.php?rest_route=%2Fwp%2Fv2%2Fmedia&parent=2803"}],"curies":[{"name":"wp","href":"https:\/\/api.w.org\/{rel}","templated":true}]}}