{"id":2800,"date":"2018-09-11T09:36:13","date_gmt":"2018-09-11T07:36:13","guid":{"rendered":"http:\/\/www.rmbs.es\/blog\/biblioteca-entreparques\/?page_id=2800"},"modified":"2025-11-06T22:13:24","modified_gmt":"2025-11-06T20:13:24","slug":"horario","status":"publish","type":"page","link":"http:\/\/www.rmbs.es\/blog\/biblioteca-entreparques\/?page_id=2800","title":{"rendered":"HORARIO"},"content":{"rendered":"\n<figure class=\"wp-block-image size-large\"><a href=\"http:\/\/www.rmbs.es\/blog\/biblioteca-entreparques\/wp-content\/uploads\/2025\/11\/Horario-Biblioteca-Entreparques-scaled.jpg\"><img loading=\"lazy\" width=\"724\" height=\"1024\" src=\"http:\/\/www.rmbs.es\/blog\/biblioteca-entreparques\/wp-content\/uploads\/2025\/11\/Horario-Biblioteca-Entreparques-724x1024.jpg\" alt=\"\" class=\"wp-image-3945\" srcset=\"http:\/\/www.rmbs.es\/blog\/biblioteca-entreparques\/wp-content\/uploads\/2025\/11\/Horario-Biblioteca-Entreparques-724x1024.jpg 724w, http:\/\/www.rmbs.es\/blog\/biblioteca-entreparques\/wp-content\/uploads\/2025\/11\/Horario-Biblioteca-Entreparques-212x300.jpg 212w, http:\/\/www.rmbs.es\/blog\/biblioteca-entreparques\/wp-content\/uploads\/2025\/11\/Horario-Biblioteca-Entreparques-768x1086.jpg 768w, http:\/\/www.rmbs.es\/blog\/biblioteca-entreparques\/wp-content\/uploads\/2025\/11\/Horario-Biblioteca-Entreparques-1086x1536.jpg 1086w, http:\/\/www.rmbs.es\/blog\/biblioteca-entreparques\/wp-content\/uploads\/2025\/11\/Horario-Biblioteca-Entreparques-1448x2048.jpg 1448w, http:\/\/www.rmbs.es\/blog\/biblioteca-entreparques\/wp-content\/uploads\/2025\/11\/Horario-Biblioteca-Entreparques-106x150.jpg 106w, http:\/\/www.rmbs.es\/blog\/biblioteca-entreparques\/wp-content\/uploads\/2025\/11\/Horario-Biblioteca-Entreparques-17x24.jpg 17w, http:\/\/www.rmbs.es\/blog\/biblioteca-entreparques\/wp-content\/uploads\/2025\/11\/Horario-Biblioteca-Entreparques-25x36.jpg 25w, http:\/\/www.rmbs.es\/blog\/biblioteca-entreparques\/wp-content\/uploads\/2025\/11\/Horario-Biblioteca-Entreparques-34x48.jpg 34w, http:\/\/www.rmbs.es\/blog\/biblioteca-entreparques\/wp-content\/uploads\/2025\/11\/Horario-Biblioteca-Entreparques-scaled.jpg 1810w\" sizes=\"(max-width: 724px) 100vw, 724px\" \/><\/a><\/figure>\n\n\n\n<p class=\"has-text-align-center\"><strong>Horarios especiales<\/strong> en <strong>Semana Santa<\/strong>, <strong>Feria, Navidad<\/strong> y <strong>Verano<\/strong><\/p>\n\n\n\n<p class=\"has-text-align-center\">Os recordamos que durante el transcurso de las actividades, el servicio de pr\u00e9stamo, atenci\u00f3n al usuario y lectura en sala, quedan suspendidos para el buen desarrollo de las mismas. Se habilitar\u00e1 en el Centro una sala de estudio.<\/p>\n","protected":false},"excerpt":{"rendered":"<p>Horarios especiales en Semana Santa, Feria, Navidad y Verano Os recordamos que durante el transcurso de las actividades, el servicio de pr\u00e9stamo, atenci\u00f3n al usuario y lectura en sala, quedan suspendidos para el buen desarrollo de las mismas. Se habilitar\u00e1 en el Centro una sala de estudio.<\/p>\n","protected":false},"author":1,"featured_media":0,"parent":0,"menu_order":0,"comment_status":"closed","ping_status":"closed","template":"","meta":[],"_links":{"self":[{"href":"http:\/\/www.rmbs.es\/blog\/biblioteca-entreparques\/index.php?rest_route=\/wp\/v2\/pages\/2800"}],"collection":[{"href":"http:\/\/www.rmbs.es\/blog\/biblioteca-entreparques\/index.php?rest_route=\/wp\/v2\/pages"}],"about":[{"href":"http:\/\/www.rmbs.es\/blog\/biblioteca-entreparques\/index.php?rest_route=\/wp\/v2\/types\/page"}],"author":[{"embeddable":true,"href":"http:\/\/www.rmbs.es\/blog\/biblioteca-entreparques\/index.php?rest_route=\/wp\/v2\/users\/1"}],"replies":[{"embeddable":true,"href":"http:\/\/www.rmbs.es\/blog\/biblioteca-entreparques\/index.php?rest_route=%2Fwp%2Fv2%2Fcomments&post=2800"}],"version-history":[{"count":8,"href":"http:\/\/www.rmbs.es\/blog\/biblioteca-entreparques\/index.php?rest_route=\/wp\/v2\/pages\/2800\/revisions"}],"predecessor-version":[{"id":3947,"href":"http:\/\/www.rmbs.es\/blog\/biblioteca-entreparques\/index.php?rest_route=\/wp\/v2\/pages\/2800\/revisions\/3947"}],"wp:attachment":[{"href":"http:\/\/www.rmbs.es\/blog\/biblioteca-entreparques\/index.php?rest_route=%2Fwp%2Fv2%2Fmedia&parent=2800"}],"curies":[{"name":"wp","href":"https:\/\/api.w.org\/{rel}","templated":true}]}}